{"id":16517,"date":"2025-08-05T05:15:00","date_gmt":"2025-08-05T03:15:00","guid":{"rendered":"https:\/\/136.119.118.83\/?page_id=16517"},"modified":"2025-08-05T18:39:36","modified_gmt":"2025-08-05T16:39:36","slug":"16517-2","status":"publish","type":"page","link":"https:\/\/vpacademica.unah.edu.pe\/?page_id=16517","title":{"rendered":"Organigrama del VPA"},"content":{"rendered":"<div class=\"wp-block-group alignfull is-content-justification-center\" style=\"margin-top:0;margin-bottom:0;padding-top:calc( 0.5 * var(--wp--style--root--padding-right, var(--wp--custom--gap--horizontal)));padding-right:var(--wp--style--root--padding-right, var(--wp--custom--gap--horizontal));padding-bottom:calc( 0.5 * var(--wp--style--root--padding-right, var(--wp--custom--gap--horizontal)));padding-left:var(--wp--style--root--padding-left, var(--wp--custom--gap--horizontal))\"><div class=\"wp-block-group__inner-container is-layout-constrained wp-container-core-group-is-layout-b073b61b wp-block-group-is-layout-constrained\"><div style=\"height:calc( 0.25 * var(--wp--style--root--padding-right, var(--wp--custom--gap--horizontal)))\" aria-hidden=\"true\" class=\"wp-block-spacer\"><\/div>\n\n<div class=\"wp-block-group\"><div class=\"wp-block-group__inner-container is-layout-constrained wp-container-core-group-is-layout-e95e5873 wp-block-group-is-layout-constrained\"><h2 class=\"wp-block-heading alignwide has-text-align-center has-black-color has-text-color has-link-color has-xx-large-font-size wp-elements-6446362641539b584e918136ee0f62c7\">Estructura Organizacional<\/h2>\n\n<p class=\"has-text-align-center has-black-color has-text-color has-link-color wp-elements-e7c9332db2479c667e6c0cac63170bf9\" style=\"font-size:17px\">Comprometidos con el \u00e9xito de nuestra comunidad estudiantil, el Vicerrectorado Acad\u00e9mico articula todos los servicios esenciales para una formaci\u00f3n integral. Desde el primer contacto en el proceso de Admisi\u00f3n, pasando por el soporte acad\u00e9mico y el seguimiento pedag\u00f3gico, hasta el fomento del bienestar a trav\u00e9s de servicios de salud, deporte y cultura. Trabajamos para ofrecer un entorno de apoyo que permita a cada estudiante alcanzar su m\u00e1ximo potencial acad\u00e9mico y personal.<\/p><\/div><\/div>\n\n<div style=\"height:var(--wp--preset--spacing--30)\" aria-hidden=\"true\" class=\"wp-block-spacer\"><\/div>\n\n<figure class=\"wp-block-image alignwide size-full\"><img fetchpriority=\"high\" decoding=\"async\" width=\"1053\" height=\"562\" src=\"http:\/\/136.119.118.83\/wp-content\/uploads\/2025\/08\/Organigrama.png\" alt=\"\" class=\"wp-image-16670\" srcset=\"https:\/\/vpacademica.unah.edu.pe\/wp-content\/uploads\/2025\/08\/Organigrama.png 1053w, https:\/\/vpacademica.unah.edu.pe\/wp-content\/uploads\/2025\/08\/Organigrama-300x160.png 300w, https:\/\/vpacademica.unah.edu.pe\/wp-content\/uploads\/2025\/08\/Organigrama-1024x547.png 1024w, https:\/\/vpacademica.unah.edu.pe\/wp-content\/uploads\/2025\/08\/Organigrama-768x410.png 768w, https:\/\/vpacademica.unah.edu.pe\/wp-content\/uploads\/2025\/08\/Organigrama-100x53.png 100w, https:\/\/vpacademica.unah.edu.pe\/wp-content\/uploads\/2025\/08\/Organigrama-600x320.png 600w\" sizes=\"(max-width: 1053px) 100vw, 1053px\" \/><\/figure>\n\n<div style=\"height:calc( 0.25 * var(--wp--style--root--padding-right, var(--wp--custom--gap--horizontal)))\" aria-hidden=\"true\" class=\"wp-block-spacer\"><\/div><\/div><\/div><p><\/p>","protected":false},"excerpt":{"rendered":"<p>Estructura Organizacional Comprometidos con el \u00e9xito de nuestra comunidad estudiantil, el Vicerrectorado Acad\u00e9mico articula todos los servicios esenciales para una formaci\u00f3n integral. Desde el primer contacto en el proceso de&#8230;<\/p>\n","protected":false},"author":1,"featured_media":0,"parent":0,"menu_order":0,"comment_status":"closed","ping_status":"closed","template":"","meta":{"footnotes":""},"class_list":["post-16517","page","type-page","status-publish","hentry"],"_links":{"self":[{"href":"https:\/\/vpacademica.unah.edu.pe\/index.php?rest_route=\/wp\/v2\/pages\/16517","targetHints":{"allow":["GET"]}}],"collection":[{"href":"https:\/\/vpacademica.unah.edu.pe\/index.php?rest_route=\/wp\/v2\/pages"}],"about":[{"href":"https:\/\/vpacademica.unah.edu.pe\/index.php?rest_route=\/wp\/v2\/types\/page"}],"author":[{"embeddable":true,"href":"https:\/\/vpacademica.unah.edu.pe\/index.php?rest_route=\/wp\/v2\/users\/1"}],"replies":[{"embeddable":true,"href":"https:\/\/vpacademica.unah.edu.pe\/index.php?rest_route=%2Fwp%2Fv2%2Fcomments&post=16517"}],"version-history":[{"count":8,"href":"https:\/\/vpacademica.unah.edu.pe\/index.php?rest_route=\/wp\/v2\/pages\/16517\/revisions"}],"predecessor-version":[{"id":16695,"href":"https:\/\/vpacademica.unah.edu.pe\/index.php?rest_route=\/wp\/v2\/pages\/16517\/revisions\/16695"}],"wp:attachment":[{"href":"https:\/\/vpacademica.unah.edu.pe\/index.php?rest_route=%2Fwp%2Fv2%2Fmedia&parent=16517"}],"curies":[{"name":"wp","href":"https:\/\/api.w.org\/{rel}","templated":true}]}}