{"id":16520,"date":"2025-08-05T05:16:24","date_gmt":"2025-08-05T03:16:24","guid":{"rendered":"https:\/\/136.119.118.83\/?page_id=16520"},"modified":"2025-08-05T18:29:01","modified_gmt":"2025-08-05T16:29:01","slug":"directorio","status":"publish","type":"page","link":"https:\/\/vpacademica.unah.edu.pe\/?page_id=16520","title":{"rendered":"Directorio"},"content":{"rendered":"<div style=\"font-family: sans-serif; color: #333;\">\n\n    <div style=\"display: flex; align-items: center; border-bottom: 2px solid #1e3a56; padding-bottom: 10px; margin-bottom: 25px;\">\n        <svg xmlns=\"http:\/\/www.w3.org\/2000\/svg\" width=\"32\" height=\"32\" viewBox=\"0 0 24 24\" fill=\"none\" stroke=\"currentColor\" stroke-width=\"2\" stroke-linecap=\"round\" stroke-linejoin=\"round\" style=\"margin-right: 15px; color: #1e3a56;\">\n            <path d=\"M2 3h6a4 4 0 0 1 4 4v14a3 3 0 0 0-3-3H2z\"><\/path>\n            <path d=\"M22 3h-6a4 4 0 0 0-4 4v14a3 3 0 0 1 3-3h7z\"><\/path>\n        <\/svg>\n        <h2 style=\"font-size: 2em; font-weight: bold; color: #1e3a56; margin: 0;\">Directorio de VPA<\/h2>\n    <\/div>\n\n    <!-- Entrada 1 -->\n    <div style=\"margin-bottom: 20px;\">\n        <div style=\"display: flex; align-items: center; margin-bottom: 8px;\">\n            <svg xmlns=\"http:\/\/www.w3.org\/2000\/svg\" width=\"20\" height=\"20\" viewBox=\"0 0 24 24\" fill=\"none\" stroke=\"currentColor\" stroke-width=\"2\" stroke-linecap=\"round\" stroke-linejoin=\"round\" style=\"margin-right: 10px; color: #2d2d2d;\"><path d=\"M19 21l-7-5-7 5V5a2 2 0 0 1 2-2h10a2 2 0 0 1 2 2z\"><\/path><\/svg>\n            <p style=\"font-size: 1.1em; font-weight: bold; margin: 0; color: #2d2d2d;\">VICEPRESIDENCIA ACADEMICA<\/p>\n        <\/div>\n        <div style=\"display: flex; align-items: center; margin-bottom: 5px; margin-left: 30px;\">\n            <svg xmlns=\"http:\/\/www.w3.org\/2000\/svg\" width=\"16\" height=\"16\" viewBox=\"0 0 24 24\" fill=\"none\" stroke=\"currentColor\" stroke-width=\"2\" stroke-linecap=\"round\" stroke-linejoin=\"round\" style=\"margin-right: 8px;\"><path d=\"M20 21v-2a4 4 0 0 0-4-4H8a4 4 0 0 0-4 4v2\"><\/path><circle cx=\"12\" cy=\"7\" r=\"4\"><\/circle><\/svg>\n            <p style=\"margin: 0; font-size: 1em;\">Doctor LUIS ENRIQUE RIVERA VELA<\/p>\n        <\/div>\n        <div style=\"display: flex; align-items: center; margin-left: 30px;\">\n            <svg xmlns=\"http:\/\/www.w3.org\/2000\/svg\" width=\"16\" height=\"16\" viewBox=\"0 0 24 24\" fill=\"none\" stroke=\"currentColor\" stroke-width=\"2\" stroke-linecap=\"round\" stroke-linejoin=\"round\" style=\"margin-right: 8px;\"><path d=\"M4 4h16c1.1 0 2 .9 2 2v12c0 1.1-.9 2-2 2H4c-1.1 0-2-.9-2-2V6c0-1.1.9-2 2-2z\"><\/path><polyline points=\"22,6 12,13 2,6\"><\/polyline><\/svg>\n            <a href=\"mailto:vpacad@unah.edu.pe\" style=\"font-size: 1em; text-decoration: none; color: #555;\">vpacad@unah.edu.pe<\/a>\n        <\/div>\n    <\/div>\n    <hr style=\"border: 0; border-top: 1px solid #eee; margin: 20px 0;\">\n\n    <!-- Repite la estructura para cada entrada -->\n\n    <!-- Entrada 2 -->\n    <div style=\"margin-bottom: 20px;\">\n        <div style=\"display: flex; align-items: center; margin-bottom: 8px;\">\n            <svg xmlns=\"http:\/\/www.w3.org\/2000\/svg\" width=\"20\" height=\"20\" viewBox=\"0 0 24 24\" fill=\"none\" stroke=\"currentColor\" stroke-width=\"2\" stroke-linecap=\"round\" stroke-linejoin=\"round\" style=\"margin-right: 10px; color: #2d2d2d;\"><path d=\"M19 21l-7-5-7 5V5a2 2 0 0 1 2-2h10a2 2 0 0 1 2 2z\"><\/path><\/svg>\n            <p style=\"font-size: 1.1em; font-weight: bold; margin: 0; color: #2d2d2d;\">DIRECCI\u00d3N DE ADMISI\u00d3N<\/p>\n        <\/div>\n        <div style=\"display: flex; align-items: center; margin-bottom: 5px; margin-left: 30px;\">\n            <svg xmlns=\"http:\/\/www.w3.org\/2000\/svg\" width=\"16\" height=\"16\" viewBox=\"0 0 24 24\" fill=\"none\" stroke=\"currentColor\" stroke-width=\"2\" stroke-linecap=\"round\" stroke-linejoin=\"round\" style=\"margin-right: 8px;\"><path d=\"M20 21v-2a4 4 0 0 0-4-4H8a4 4 0 0 0-4 4v2\"><\/path><circle cx=\"12\" cy=\"7\" r=\"4\"><\/circle><\/svg>\n            <p style=\"margin: 0; font-size: 1em;\">MBA CARLOS POZO CURO<\/p>\n        <\/div>\n        <div style=\"display: flex; align-items: center; margin-left: 30px;\">\n            <svg xmlns=\"http:\/\/www.w3.org\/2000\/svg\" width=\"16\" height=\"16\" viewBox=\"0 0 24 24\" fill=\"none\" stroke=\"currentColor\" stroke-width=\"2\" stroke-linecap=\"round\" stroke-linejoin=\"round\" style=\"margin-right: 8px;\"><path d=\"M4 4h16c1.1 0 2 .9 2 2v12c0 1.1-.9 2-2 2H4c-1.1 0-2-.9-2-2V6c0-1.1.9-2 2-2z\"><\/path><polyline points=\"22,6 12,13 2,6\"><\/polyline><\/svg>\n            <a href=\"mailto:admision@unah.edu.pe\" style=\"font-size: 1em; text-decoration: none; color: #555;\">admision@unah.edu.pe<\/a>\n        <\/div>\n    <\/div>\n    <hr style=\"border: 0; border-top: 1px solid #eee; margin: 20px 0;\">\n    \n    <!-- Entrada 3 -->\n    <div style=\"margin-bottom: 20px;\">\n        <div style=\"display: flex; align-items: center; margin-bottom: 8px;\">\n            <svg xmlns=\"http:\/\/www.w3.org\/2000\/svg\" width=\"20\" height=\"20\" viewBox=\"0 0 24 24\" fill=\"none\" stroke=\"currentColor\" stroke-width=\"2\" stroke-linecap=\"round\" stroke-linejoin=\"round\" style=\"margin-right: 10px; color: #2d2d2d;\"><path d=\"M19 21l-7-5-7 5V5a2 2 0 0 1 2-2h10a2 2 0 0 1 2 2z\"><\/path><\/svg>\n            <p style=\"font-size: 1.1em; font-weight: bold; margin: 0; color: #2d2d2d;\">DIRECCI\u00d3N DE ACTIVIDADES Y SERVICIOS ACAD\u00c9MICOS<\/p>\n        <\/div>\n        <div style=\"display: flex; align-items: center; margin-bottom: 5px; margin-left: 30px;\">\n            <svg xmlns=\"http:\/\/www.w3.org\/2000\/svg\" width=\"16\" height=\"16\" viewBox=\"0 0 24 24\" fill=\"none\" stroke=\"currentColor\" stroke-width=\"2\" stroke-linecap=\"round\" stroke-linejoin=\"round\" style=\"margin-right: 8px;\"><path d=\"M20 21v-2a4 4 0 0 0-4-4H8a4 4 0 0 0-4 4v2\"><\/path><circle cx=\"12\" cy=\"7\" r=\"4\"><\/circle><\/svg>\n            <p style=\"margin: 0; font-size: 1em;\">Magister FERNANDO GARI HUAYHUA LEIVANO<\/p>\n        <\/div>\n        <div style=\"display: flex; align-items: center; margin-left: 30px;\">\n            <svg xmlns=\"http:\/\/www.w3.org\/2000\/svg\" width=\"16\" height=\"16\" viewBox=\"0 0 24 24\" fill=\"none\" stroke=\"currentColor\" stroke-width=\"2\" stroke-linecap=\"round\" stroke-linejoin=\"round\" style=\"margin-right: 8px;\"><path d=\"M4 4h16c1.1 0 2 .9 2 2v12c0 1.1-.9 2-2 2H4c-1.1 0-2-.9-2-2V6c0-1.1.9-2 2-2z\"><\/path><polyline points=\"22,6 12,13 2,6\"><\/polyline><\/svg>\n            <a href=\"mailto:dirasa@unah.edu.pe\" style=\"font-size: 1em; text-decoration: none; color: #555;\">dirasa@unah.edu.pe<\/a>\n        <\/div>\n    <\/div>\n    <hr style=\"border: 0; border-top: 1px solid #eee; margin: 20px 0;\">\n\n    <!-- Entrada 4 -->\n    <div style=\"margin-bottom: 20px;\">\n        <div style=\"display: flex; align-items: center; margin-bottom: 8px;\">\n            <svg xmlns=\"http:\/\/www.w3.org\/2000\/svg\" width=\"20\" height=\"20\" viewBox=\"0 0 24 24\" fill=\"none\" stroke=\"currentColor\" stroke-width=\"2\" stroke-linecap=\"round\" stroke-linejoin=\"round\" style=\"margin-right: 10px; color: #2d2d2d;\"><path d=\"M19 21l-7-5-7 5V5a2 2 0 0 1 2-2h10a2 2 0 0 1 2 2z\"><\/path><\/svg>\n            <p style=\"font-size: 1.1em; font-weight: bold; margin: 0; color: #2d2d2d;\">UNIDAD DE REGISTROS ACAD\u00c9MICOS<\/p>\n        <\/div>\n        <div style=\"display: flex; align-items: center; margin-bottom: 5px; margin-left: 30px;\">\n            <svg xmlns=\"http:\/\/www.w3.org\/2000\/svg\" width=\"16\" height=\"16\" viewBox=\"0 0 24 24\" fill=\"none\" stroke=\"currentColor\" stroke-width=\"2\" stroke-linecap=\"round\" stroke-linejoin=\"round\" style=\"margin-right: 8px;\"><path d=\"M20 21v-2a4 4 0 0 0-4-4H8a4 4 0 0 0-4 4v2\"><\/path><circle cx=\"12\" cy=\"7\" r=\"4\"><\/circle><\/svg>\n            <p style=\"margin: 0; font-size: 1em;\">Ingeniero NELYDA TRUDY RAMOS ROJAS<\/p>\n        <\/div>\n        <div style=\"display: flex; align-items: center; margin-left: 30px;\">\n            <svg xmlns=\"http:\/\/www.w3.org\/2000\/svg\" width=\"16\" height=\"16\" viewBox=\"0 0 24 24\" fill=\"none\" stroke=\"currentColor\" stroke-width=\"2\" stroke-linecap=\"round\" stroke-linejoin=\"round\" style=\"margin-right: 8px;\"><path d=\"M4 4h16c1.1 0 2 .9 2 2v12c0 1.1-.9 2-2 2H4c-1.1 0-2-.9-2-2V6c0-1.1.9-2 2-2z\"><\/path><polyline points=\"22,6 12,13 2,6\"><\/polyline><\/svg>\n            <a href=\"mailto:regacad@unah.edu.pe\" style=\"font-size: 1em; text-decoration: none; color: #555;\">regacad@unah.edu.pe<\/a>\n        <\/div>\n    <\/div>\n    <hr style=\"border: 0; border-top: 1px solid #eee; margin: 20px 0;\">\n\n    <!-- Entrada 5 -->\n    <div style=\"margin-bottom: 20px;\">\n        <div style=\"display: flex; align-items: center; margin-bottom: 8px;\">\n            <svg xmlns=\"http:\/\/www.w3.org\/2000\/svg\" width=\"20\" height=\"20\" viewBox=\"0 0 24 24\" fill=\"none\" stroke=\"currentColor\" stroke-width=\"2\" stroke-linecap=\"round\" stroke-linejoin=\"round\" style=\"margin-right: 10px; color: #2d2d2d;\"><path d=\"M19 21l-7-5-7 5V5a2 2 0 0 1 2-2h10a2 2 0 0 1 2 2z\"><\/path><\/svg>\n            <p style=\"font-size: 1.1em; font-weight: bold; margin: 0; color: #2d2d2d;\">UNIDAD DE SEGUIMIENTO ACADEMICO Y PEDAGOGICO<\/p>\n        <\/div>\n        <div style=\"display: flex; align-items: center; margin-bottom: 5px; margin-left: 30px;\">\n            <svg xmlns=\"http:\/\/www.w3.org\/2000\/svg\" width=\"16\" height=\"16\" viewBox=\"0 0 24 24\" fill=\"none\" stroke=\"currentColor\" stroke-width=\"2\" stroke-linecap=\"round\" stroke-linejoin=\"round\" style=\"margin-right: 8px;\"><path d=\"M20 21v-2a4 4 0 0 0-4-4H8a4 4 0 0 0-4 4v2\"><\/path><circle cx=\"12\" cy=\"7\" r=\"4\"><\/circle><\/svg>\n            <p style=\"margin: 0; font-size: 1em;\">Magister ELVIS DOBERTO OSORIO ARRASCUE<\/p>\n        <\/div>\n        <div style=\"display: flex; align-items: center; margin-left: 30px;\">\n            <svg xmlns=\"http:\/\/www.w3.org\/2000\/svg\" width=\"16\" height=\"16\" viewBox=\"0 0 24 24\" fill=\"none\" stroke=\"currentColor\" stroke-width=\"2\" stroke-linecap=\"round\" stroke-linejoin=\"round\" style=\"margin-right: 8px;\"><path d=\"M4 4h16c1.1 0 2 .9 2 2v12c0 1.1-.9 2-2 2H4c-1.1 0-2-.9-2-2V6c0-1.1.9-2 2-2z\"><\/path><polyline points=\"22,6 12,13 2,6\"><\/polyline><\/svg>\n            <a href=\"mailto:usag@unah.edu.pe\" style=\"font-size: 1em; text-decoration: none; color: #555;\">usag@unah.edu.pe<\/a>\n        <\/div>\n    <\/div>\n    <hr style=\"border: 0; border-top: 1px solid #eee; margin: 20px 0;\">\n\n    <!-- Entrada 6 -->\n    <div style=\"margin-bottom: 20px;\">\n        <div style=\"display: flex; align-items: center; margin-bottom: 8px;\">\n            <svg xmlns=\"http:\/\/www.w3.org\/2000\/svg\" width=\"20\" height=\"20\" viewBox=\"0 0 24 24\" fill=\"none\" stroke=\"currentColor\" stroke-width=\"2\" stroke-linecap=\"round\" stroke-linejoin=\"round\" style=\"margin-right: 10px; color: #2d2d2d;\"><path d=\"M19 21l-7-5-7 5V5a2 2 0 0 1 2-2h10a2 2 0 0 1 2 2z\"><\/path><\/svg>\n            <p style=\"font-size: 1.1em; font-weight: bold; margin: 0; color: #2d2d2d;\">UNIDAD DE CENTRO DE INFORMACION Y REFERENCIA<\/p>\n        <\/div>\n        <div style=\"display: flex; align-items: center; margin-bottom: 5px; margin-left: 30px;\">\n            <svg xmlns=\"http:\/\/www.w3.org\/2000\/svg\" width=\"16\" height=\"16\" viewBox=\"0 0 24 24\" fill=\"none\" stroke=\"currentColor\" stroke-width=\"2\" stroke-linecap=\"round\" stroke-linejoin=\"round\" style=\"margin-right: 8px;\"><path d=\"M20 21v-2a4 4 0 0 0-4-4H8a4 4 0 0 0-4 4v2\"><\/path><circle cx=\"12\" cy=\"7\" r=\"4\"><\/circle><\/svg>\n            <p style=\"margin: 0; font-size: 1em;\">Licenciado MARCELO QUI\u00d1ONES QUISPE<\/p>\n        <\/div>\n        <div style=\"display: flex; align-items: center; margin-left: 30px;\">\n            <svg xmlns=\"http:\/\/www.w3.org\/2000\/svg\" width=\"16\" height=\"16\" viewBox=\"0 0 24 24\" fill=\"none\" stroke=\"currentColor\" stroke-width=\"2\" stroke-linecap=\"round\" stroke-linejoin=\"round\" style=\"margin-right: 8px;\"><path d=\"M4 4h16c1.1 0 2 .9 2 2v12c0 1.1-.9 2-2 2H4c-1.1 0-2-.9-2-2V6c0-1.1.9-2 2-2z\"><\/path><polyline points=\"22,6 12,13 2,6\"><\/polyline><\/svg>\n            <a href=\"mailto:biblioteca@unah.edu.pe\" style=\"font-size: 1em; text-decoration: none; color: #555;\">biblioteca@unah.edu.pe<\/a>\n        <\/div>\n    <\/div>\n    <hr style=\"border: 0; border-top: 1px solid #eee; margin: 20px 0;\">\n\n    <!-- Entrada 7 -->\n    <div style=\"margin-bottom: 20px;\">\n        <div style=\"display: flex; align-items: center; margin-bottom: 8px;\">\n            <svg xmlns=\"http:\/\/www.w3.org\/2000\/svg\" width=\"20\" height=\"20\" viewBox=\"0 0 24 24\" fill=\"none\" stroke=\"currentColor\" stroke-width=\"2\" stroke-linecap=\"round\" stroke-linejoin=\"round\" style=\"margin-right: 10px; color: #2d2d2d;\"><path d=\"M19 21l-7-5-7 5V5a2 2 0 0 1 2-2h10a2 2 0 0 1 2 2z\"><\/path><\/svg>\n            <p style=\"font-size: 1.1em; font-weight: bold; margin: 0; color: #2d2d2d;\">DIRECCI\u00d3N DE BIENESTAR UNIVERSITARIO<\/p>\n        <\/div>\n        <div style=\"display: flex; align-items: center; margin-bottom: 5px; margin-left: 30px;\">\n            <svg xmlns=\"http:\/\/www.w3.org\/2000\/svg\" width=\"16\" height=\"16\" viewBox=\"0 0 24 24\" fill=\"none\" stroke=\"currentColor\" stroke-width=\"2\" stroke-linecap=\"round\" stroke-linejoin=\"round\" style=\"margin-right: 8px;\"><path d=\"M20 21v-2a4 4 0 0 0-4-4H8a4 4 0 0 0-4 4v2\"><\/path><circle cx=\"12\" cy=\"7\" r=\"4\"><\/circle><\/svg>\n            <p style=\"margin: 0; font-size: 1em;\">Licenciado LIZETT DAYANA MUCHARI CANDIA<\/p>\n        <\/div>\n        <div style=\"display: flex; align-items: center; margin-left: 30px;\">\n            <svg xmlns=\"http:\/\/www.w3.org\/2000\/svg\" width=\"16\" height=\"16\" viewBox=\"0 0 24 24\" fill=\"none\" stroke=\"currentColor\" stroke-width=\"2\" stroke-linecap=\"round\" stroke-linejoin=\"round\" style=\"margin-right: 8px;\"><path d=\"M4 4h16c1.1 0 2 .9 2 2v12c0 1.1-.9 2-2 2H4c-1.1 0-2-.9-2-2V6c0-1.1.9-2 2-2z\"><\/path><polyline points=\"22,6 12,13 2,6\"><\/polyline><\/svg>\n            <a href=\"mailto:bienestar@unah.edu.pe\" style=\"font-size: 1em; text-decoration: none; color: #555;\">bienestar@unah.edu.pe<\/a>\n        <\/div>\n    <\/div>\n    <hr style=\"border: 0; border-top: 1px solid #eee; margin: 20px 0;\">\n\n    <!-- Entrada 8 -->\n    <div style=\"margin-bottom: 20px;\">\n        <div style=\"display: flex; align-items: center; margin-bottom: 8px;\">\n            <svg xmlns=\"http:\/\/www.w3.org\/2000\/svg\" width=\"20\" height=\"20\" viewBox=\"0 0 24 24\" fill=\"none\" stroke=\"currentColor\" stroke-width=\"2\" stroke-linecap=\"round\" stroke-linejoin=\"round\" style=\"margin-right: 10px; color: #2d2d2d;\"><path d=\"M19 21l-7-5-7 5V5a2 2 0 0 1 2-2h10a2 2 0 0 1 2 2z\"><\/path><\/svg>\n            <p style=\"font-size: 1.1em; font-weight: bold; margin: 0; color: #2d2d2d;\">UNIDAD DE DEPORTE Y RECREACI\u00d3N<\/p>\n        <\/div>\n        <div style=\"display: flex; align-items: center; margin-bottom: 5px; margin-left: 30px;\">\n            <svg xmlns=\"http:\/\/www.w3.org\/2000\/svg\" width=\"16\" height=\"16\" viewBox=\"0 0 24 24\" fill=\"none\" stroke=\"currentColor\" stroke-width=\"2\" stroke-linecap=\"round\" stroke-linejoin=\"round\" style=\"margin-right: 8px;\"><path d=\"M20 21v-2a4 4 0 0 0-4-4H8a4 4 0 0 0-4 4v2\"><\/path><circle cx=\"12\" cy=\"7\" r=\"4\"><\/circle><\/svg>\n            <p style=\"margin: 0; font-size: 1em;\">Licenciado LIZETT DAYANA MUCHARI CANDIA<\/p>\n        <\/div>\n        <div style=\"display: flex; align-items: center; margin-left: 30px;\">\n            <svg xmlns=\"http:\/\/www.w3.org\/2000\/svg\" width=\"16\" height=\"16\" viewBox=\"0 0 24 24\" fill=\"none\" stroke=\"currentColor\" stroke-width=\"2\" stroke-linecap=\"round\" stroke-linejoin=\"round\" style=\"margin-right: 8px;\"><path d=\"M4 4h16c1.1 0 2 .9 2 2v12c0 1.1-.9 2-2 2H4c-1.1 0-2-.9-2-2V6c0-1.1.9-2 2-2z\"><\/path><polyline points=\"22,6 12,13 2,6\"><\/polyline><\/svg>\n            <a href=\"mailto:deporte@unah.edu.pe\" style=\"font-size: 1em; text-decoration: none; color: #555;\">deporte@unah.edu.pe<\/a>\n        <\/div>\n    <\/div>\n    <hr style=\"border: 0; border-top: 1px solid #eee; margin: 20px 0;\">\n\n    <!-- Entrada 9 -->\n    <div style=\"margin-bottom: 20px;\">\n        <div style=\"display: flex; align-items: center; margin-bottom: 8px;\">\n            <svg xmlns=\"http:\/\/www.w3.org\/2000\/svg\" width=\"20\" height=\"20\" viewBox=\"0 0 24 24\" fill=\"none\" stroke=\"currentColor\" stroke-width=\"2\" stroke-linecap=\"round\" stroke-linejoin=\"round\" style=\"margin-right: 10px; color: #2d2d2d;\"><path d=\"M19 21l-7-5-7 5V5a2 2 0 0 1 2-2h10a2 2 0 0 1 2 2z\"><\/path><\/svg>\n            <p style=\"font-size: 1.1em; font-weight: bold; margin: 0; color: #2d2d2d;\">UNIDAD DE SEGUIMIENTO ACADEMICO Y PEDAGOGICO<\/p>\n        <\/div>\n        <div style=\"display: flex; align-items: center; margin-bottom: 5px; margin-left: 30px;\">\n            <svg xmlns=\"http:\/\/www.w3.org\/2000\/svg\" width=\"16\" height=\"16\" viewBox=\"0 0 24 24\" fill=\"none\" stroke=\"currentColor\" stroke-width=\"2\" stroke-linecap=\"round\" stroke-linejoin=\"round\" style=\"margin-right: 8px;\"><path d=\"M20 21v-2a4 4 0 0 0-4-4H8a4 4 0 0 0-4 4v2\"><\/path><circle cx=\"12\" cy=\"7\" r=\"4\"><\/circle><\/svg>\n            <p style=\"margin: 0; font-size: 1em;\">Magister ELVIS DOBERTO OSORIO ARRASCUE<\/p>\n        <\/div>\n        <div style=\"display: flex; align-items: center; margin-left: 30px;\">\n            <svg xmlns=\"http:\/\/www.w3.org\/2000\/svg\" width=\"16\" height=\"16\" viewBox=\"0 0 24 24\" fill=\"none\" stroke=\"currentColor\" stroke-width=\"2\" stroke-linecap=\"round\" stroke-linejoin=\"round\" style=\"margin-right: 8px;\"><path d=\"M4 4h16c1.1 0 2 .9 2 2v12c0 1.1-.9 2-2 2H4c-1.1 0-2-.9-2-2V6c0-1.1.9-2 2-2z\"><\/path><polyline points=\"22,6 12,13 2,6\"><\/polyline><\/svg>\n            <a href=\"mailto:usag@unah.edu.pe\" style=\"font-size: 1em; text-decoration: none; color: #555;\">usag@unah.edu.pe<\/a>\n        <\/div>\n    <\/div>\n    <hr style=\"border: 0; border-top: 1px solid #eee; margin: 20px 0;\">\n\n    <!-- Entrada 10 -->\n    <div style=\"margin-bottom: 20px;\">\n        <div style=\"display: flex; align-items: center; margin-bottom: 8px;\">\n            <svg xmlns=\"http:\/\/www.w3.org\/2000\/svg\" width=\"20\" height=\"20\" viewBox=\"0 0 24 24\" fill=\"none\" stroke=\"currentColor\" stroke-width=\"2\" stroke-linecap=\"round\" stroke-linejoin=\"round\" style=\"margin-right: 10px; color: #2d2d2d;\"><path d=\"M19 21l-7-5-7 5V5a2 2 0 0 1 2-2h10a2 2 0 0 1 2 2z\"><\/path><\/svg>\n            <p style=\"font-size: 1.1em; font-weight: bold; margin: 0; color: #2d2d2d;\">DIRECCI\u00d3N DE PROYECCI\u00d3N SOCIAL Y EXTENSI\u00d3N CULTURAL<\/p>\n        <\/div>\n        <div style=\"display: flex; align-items: center; margin-bottom: 5px; margin-left: 30px;\">\n            <svg xmlns=\"http:\/\/www.w3.org\/2000\/svg\" width=\"16\" height=\"16\" viewBox=\"0 0 24 24\" fill=\"none\" stroke=\"currentColor\" stroke-width=\"2\" stroke-linecap=\"round\" stroke-linejoin=\"round\" style=\"margin-right: 8px;\"><path d=\"M20 21v-2a4 4 0 0 0-4-4H8a4 4 0 0 0-4 4v2\"><\/path><circle cx=\"12\" cy=\"7\" r=\"4\"><\/circle><\/svg>\n            <p style=\"margin: 0; font-size: 1em;\">Licenciado LITMAN PARIONA LUNASCO<\/p>\n        <\/div>\n        <div style=\"display: flex; align-items: center; margin-left: 30px;\">\n            <svg xmlns=\"http:\/\/www.w3.org\/2000\/svg\" width=\"16\" height=\"16\" viewBox=\"0 0 24 24\" fill=\"none\" stroke=\"currentColor\" stroke-width=\"2\" stroke-linecap=\"round\" stroke-linejoin=\"round\" style=\"margin-right: 8px;\"><path d=\"M4 4h16c1.1 0 2 .9 2 2v12c0 1.1-.9 2-2 2H4c-1.1 0-2-.9-2-2V6c0-1.1.9-2 2-2z\"><\/path><polyline points=\"22,6 12,13 2,6\"><\/polyline><\/svg>\n            <a href=\"mailto:direcpe@unah.edu.pe\" style=\"font-size: 1em; text-decoration: none; color: #555;\">direcpe@unah.edu.pe<\/a>\n        <\/div>\n    <\/div>\n<\/div><p><\/p>","protected":false},"excerpt":{"rendered":"<p>Directorio de VPA VICEPRESIDENCIA ACADEMICA Doctor LUIS ENRIQUE RIVERA VELA vpacad@unah.edu.pe DIRECCI\u00d3N DE ADMISI\u00d3N MBA CARLOS POZO CURO admision@unah.edu.pe DIRECCI\u00d3N DE ACTIVIDADES Y SERVICIOS ACAD\u00c9MICOS Magister FERNANDO GARI HUAYHUA LEIVANO&#8230;<\/p>\n","protected":false},"author":1,"featured_media":0,"parent":0,"menu_order":0,"comment_status":"closed","ping_status":"closed","template":"","meta":{"footnotes":""},"class_list":["post-16520","page","type-page","status-publish","hentry"],"_links":{"self":[{"href":"https:\/\/vpacademica.unah.edu.pe\/index.php?rest_route=\/wp\/v2\/pages\/16520","targetHints":{"allow":["GET"]}}],"collection":[{"href":"https:\/\/vpacademica.unah.edu.pe\/index.php?rest_route=\/wp\/v2\/pages"}],"about":[{"href":"https:\/\/vpacademica.unah.edu.pe\/index.php?rest_route=\/wp\/v2\/types\/page"}],"author":[{"embeddable":true,"href":"https:\/\/vpacademica.unah.edu.pe\/index.php?rest_route=\/wp\/v2\/users\/1"}],"replies":[{"embeddable":true,"href":"https:\/\/vpacademica.unah.edu.pe\/index.php?rest_route=%2Fwp%2Fv2%2Fcomments&post=16520"}],"version-history":[{"count":5,"href":"https:\/\/vpacademica.unah.edu.pe\/index.php?rest_route=\/wp\/v2\/pages\/16520\/revisions"}],"predecessor-version":[{"id":16678,"href":"https:\/\/vpacademica.unah.edu.pe\/index.php?rest_route=\/wp\/v2\/pages\/16520\/revisions\/16678"}],"wp:attachment":[{"href":"https:\/\/vpacademica.unah.edu.pe\/index.php?rest_route=%2Fwp%2Fv2%2Fmedia&parent=16520"}],"curies":[{"name":"wp","href":"https:\/\/api.w.org\/{rel}","templated":true}]}}