{"id":16525,"date":"2025-08-05T05:18:35","date_gmt":"2025-08-05T03:18:35","guid":{"rendered":"https:\/\/136.119.118.83\/?page_id=16525"},"modified":"2025-08-05T18:51:28","modified_gmt":"2025-08-05T16:51:28","slug":"estudiante","status":"publish","type":"page","link":"https:\/\/vpacademica.unah.edu.pe\/?page_id=16525","title":{"rendered":"Estudiante"},"content":{"rendered":"<!-- Contenedor principal para las tarjetas -->\n<div class=\"tarjetas-contenedor\" style=\"display: flex; flex-wrap: wrap; justify-content: center; gap: 25px; font-family: sans-serif;\">\n\n    <!-- Tarjeta 1 -->\n    <div class=\"tarjeta\" style=\"border: 2px solid #a42121; border-radius: 8px; padding: 25px; text-align: left; background-color: #fff; width: 100%; max-width: 350px; display: flex; flex-direction: column; justify-content: space-between;\">\n        <div>\n            <h3 style=\"color: #a42121; font-weight: bold; text-align: center; margin-top: 0; min-height: 140px; display: flex; align-items: center; justify-content: center;\">REGLAMENTO CURSO DE NIVELACI\u00d3N ACAD\u00c9MICA PARA ESTUDIANTES DE PREGRADO EN LA UNIVERSIDAD NACIONAL AUT\u00d3NOMA DE HUANTA<\/h3>\n            <ul style=\"list-style: none; padding: 0; margin: 20px 0;\">\n                <li style=\"display: flex; align-items: center; margin-bottom: 10px; border-bottom: 1px solid #eee; padding-bottom: 10px;\"><svg xmlns=\"http:\/\/www.w3.org\/2000\/svg\" width=\"20\" height=\"20\" viewBox=\"0 0 24 24\" fill=\"none\" stroke=\"currentColor\" stroke-width=\"2\" stroke-linecap=\"round\" stroke-linejoin=\"round\" style=\"margin-right: 10px;\"><path d=\"M14 2H6a2 2 0 0 0-2 2v16a2 2 0 0 0 2 2h12a2 2 0 0 0 2-2V8z\"><\/path><polyline points=\"14 2 14 8 20 8\"><\/polyline><line x1=\"16\" y1=\"13\" x2=\"8\" y2=\"13\"><\/line><line x1=\"16\" y1=\"17\" x2=\"8\" y2=\"17\"><\/line><polyline points=\"10 9 9 9 8 9\"><\/polyline><\/svg> N\u00famero: 0069<\/li>\n                <li style=\"display: flex; align-items: center; margin-bottom: 10px; border-bottom: 1px solid #eee; padding-bottom: 10px;\"><svg xmlns=\"http:\/\/www.w3.org\/2000\/svg\" width=\"20\" height=\"20\" viewBox=\"0 0 24 24\" fill=\"none\" stroke=\"currentColor\" stroke-width=\"2\" stroke-linecap=\"round\" stroke-linejoin=\"round\" style=\"margin-right: 10px;\"><path d=\"M22 19a2 2 0 0 1-2 2H4a2 2 0 0 1-2-2V5a2 2 0 0 1 2-2h5l2 3h9a2 2 0 0 1 2 2z\"><\/path><\/svg> Categor\u00eda: Estudiante<\/li>\n                <li style=\"display: flex; align-items: center; margin-bottom: 10px; border-bottom: 1px solid #eee; padding-bottom: 10px;\"><svg xmlns=\"http:\/\/www.w3.org\/2000\/svg\" width=\"20\" height=\"20\" viewBox=\"0 0 24 24\" fill=\"none\" stroke=\"currentColor\" stroke-width=\"2\" stroke-linecap=\"round\" stroke-linejoin=\"round\" style=\"margin-right: 10px;\"><rect x=\"3\" y=\"4\" width=\"18\" height=\"18\" rx=\"2\" ry=\"2\"><\/rect><line x1=\"16\" y1=\"2\" x2=\"16\" y2=\"6\"><\/line><line x1=\"8\" y1=\"2\" x2=\"8\" y2=\"6\"><\/line><line x1=\"3\" y1=\"10\" x2=\"21\" y2=\"10\"><\/line><path d=\"m9 16 2 2 4-4\"><\/path><\/svg> A\u00f1o: 2025<\/li>\n                <li style=\"display: flex; align-items: center; padding-top: 5px;\"><svg xmlns=\"http:\/\/www.w3.org\/2000\/svg\" width=\"20\" height=\"20\" viewBox=\"0 0 24 24\" fill=\"#a42121\" stroke=\"#a42121\" stroke-width=\"2\" stroke-linecap=\"round\" stroke-linejoin=\"round\" style=\"margin-right: 10px;\"><circle cx=\"12\" cy=\"12\" r=\"10\"><\/circle><circle cx=\"12\" cy=\"12\" r=\"3\"><\/circle><\/svg> Estado: Vigente<\/li>\n            <\/ul>\n        <\/div>\n        <a href=\"#\" style=\"background-color: #a42121; color: white; padding: 12px 20px; border-radius: 8px; text-decoration: none; text-align: center; display: block; margin-top: 15px; transition: background-color 0.3s;\" onmouseover=\"this.style.backgroundColor='#8c1a1a'\" onmouseout=\"this.style.backgroundColor='#a42121'\">Ver Norma <span style=\"font-weight: bold; margin-left: 5px;\">&gt;<\/span><\/a>\n    <\/div>\n\n    <!-- Tarjeta 2 -->\n    <div class=\"tarjeta\" style=\"border: 2px solid #a42121; border-radius: 8px; padding: 25px; text-align: left; background-color: #fff; width: 100%; max-width: 350px; display: flex; flex-direction: column; justify-content: space-between;\">\n        <div>\n            <h3 style=\"color: #a42121; font-weight: bold; text-align: center; margin-top: 0; min-height: 140px; display: flex; align-items: center; justify-content: center;\">CERTIFICACION POR COMPETENCIAS DEL ESTUDIANTE DE PREGRADO DE LA UNAH<\/h3>\n            <ul style=\"list-style: none; padding: 0; margin: 20px 0;\">\n                <li style=\"display: flex; align-items: center; margin-bottom: 10px; border-bottom: 1px solid #eee; padding-bottom: 10px;\"><svg xmlns=\"http:\/\/www.w3.org\/2000\/svg\" width=\"20\" height=\"20\" viewBox=\"0 0 24 24\" fill=\"none\" stroke=\"currentColor\" stroke-width=\"2\" stroke-linecap=\"round\" stroke-linejoin=\"round\" style=\"margin-right: 10px;\"><path d=\"M14 2H6a2 2 0 0 0-2 2v16a2 2 0 0 0 2 2h12a2 2 0 0 0 2-2V8z\"><\/path><polyline points=\"14 2 14 8 20 8\"><\/polyline><line x1=\"16\" y1=\"13\" x2=\"8\" y2=\"13\"><\/line><line x1=\"16\" y1=\"17\" x2=\"8\" y2=\"17\"><\/line><polyline points=\"10 9 9 9 8 9\"><\/polyline><\/svg> N\u00famero: 1889<\/li>\n                <li style=\"display: flex; align-items: center; margin-bottom: 10px; border-bottom: 1px solid #eee; padding-bottom: 10px;\"><svg xmlns=\"http:\/\/www.w3.org\/2000\/svg\" width=\"20\" height=\"20\" viewBox=\"0 0 24 24\" fill=\"none\" stroke=\"currentColor\" stroke-width=\"2\" stroke-linecap=\"round\" stroke-linejoin=\"round\" style=\"margin-right: 10px;\"><path d=\"M22 19a2 2 0 0 1-2 2H4a2 2 0 0 1-2-2V5a2 2 0 0 1 2-2h5l2 3h9a2 2 0 0 1 2 2z\"><\/path><\/svg> Categor\u00eda: Estudiante<\/li>\n                <li style=\"display: flex; align-items: center; margin-bottom: 10px; border-bottom: 1px solid #eee; padding-bottom: 10px;\"><svg xmlns=\"http:\/\/www.w3.org\/2000\/svg\" width=\"20\" height=\"20\" viewBox=\"0 0 24 24\" fill=\"none\" stroke=\"currentColor\" stroke-width=\"2\" stroke-linecap=\"round\" stroke-linejoin=\"round\" style=\"margin-right: 10px;\"><rect x=\"3\" y=\"4\" width=\"18\" height=\"18\" rx=\"2\" ry=\"2\"><\/rect><line x1=\"16\" y1=\"2\" x2=\"16\" y2=\"6\"><\/line><line x1=\"8\" y1=\"2\" x2=\"8\" y2=\"6\"><\/line><line x1=\"3\" y1=\"10\" x2=\"21\" y2=\"10\"><\/line><path d=\"m9 16 2 2 4-4\"><\/path><\/svg> A\u00f1o: 2023<\/li>\n                <li style=\"display: flex; align-items: center; padding-top: 5px;\"><svg xmlns=\"http:\/\/www.w3.org\/2000\/svg\" width=\"20\" height=\"20\" viewBox=\"0 0 24 24\" fill=\"#a42121\" stroke=\"#a42121\" stroke-width=\"2\" stroke-linecap=\"round\" stroke-linejoin=\"round\" style=\"margin-right: 10px;\"><circle cx=\"12\" cy=\"12\" r=\"10\"><\/circle><circle cx=\"12\" cy=\"12\" r=\"3\"><\/circle><\/svg> Estado: Vigente<\/li>\n            <\/ul>\n        <\/div>\n        <a href=\"#\" style=\"background-color: #a42121; color: white; padding: 12px 20px; border-radius: 8px; text-decoration: none; text-align: center; display: block; margin-top: 15px; transition: background-color 0.3s;\" onmouseover=\"this.style.backgroundColor='#8c1a1a'\" onmouseout=\"this.style.backgroundColor='#a42121'\">Ver Norma <span style=\"font-weight: bold; margin-left: 5px;\">&gt;<\/span><\/a>\n    <\/div>\n\n    <!-- Tarjeta 3 -->\n    <div class=\"tarjeta\" style=\"border: 2px solid #a42121; border-radius: 8px; padding: 25px; text-align: left; background-color: #fff; width: 100%; max-width: 350px; display: flex; flex-direction: column; justify-content: space-between;\">\n        <div>\n            <h3 style=\"color: #a42121; font-weight: bold; text-align: center; margin-top: 0; min-height: 140px; display: flex; align-items: center; justify-content: center;\">INCLUSION DE LOS ESTUDIANTES CON DISCAPACIDAD O HABILIDAD ESPECIAL EN LA UNAH<\/h3>\n            <ul style=\"list-style: none; padding: 0; margin: 20px 0;\">\n                <li style=\"display: flex; align-items: center; margin-bottom: 10px; border-bottom: 1px solid #eee; padding-bottom: 10px;\"><svg xmlns=\"http:\/\/www.w3.org\/2000\/svg\" width=\"20\" height=\"20\" viewBox=\"0 0 24 24\" fill=\"none\" stroke=\"currentColor\" stroke-width=\"2\" stroke-linecap=\"round\" stroke-linejoin=\"round\" style=\"margin-right: 10px;\"><path d=\"M14 2H6a2 2 0 0 0-2 2v16a2 2 0 0 0 2 2h12a2 2 0 0 0 2-2V8z\"><\/path><polyline points=\"14 2 14 8 20 8\"><\/polyline><line x1=\"16\" y1=\"13\" x2=\"8\" y2=\"13\"><\/line><line x1=\"16\" y1=\"17\" x2=\"8\" y2=\"17\"><\/line><polyline points=\"10 9 9 9 8 9\"><\/polyline><\/svg> N\u00famero: 1888<\/li>\n                <li style=\"display: flex; align-items: center; margin-bottom: 10px; border-bottom: 1px solid #eee; padding-bottom: 10px;\"><svg xmlns=\"http:\/\/www.w3.org\/2000\/svg\" width=\"20\" height=\"20\" viewBox=\"0 0 24 24\" fill=\"none\" stroke=\"currentColor\" stroke-width=\"2\" stroke-linecap=\"round\" stroke-linejoin=\"round\" style=\"margin-right: 10px;\"><path d=\"M22 19a2 2 0 0 1-2 2H4a2 2 0 0 1-2-2V5a2 2 0 0 1 2-2h5l2 3h9a2 2 0 0 1 2 2z\"><\/path><\/svg> Categor\u00eda: Estudiante<\/li>\n                <li style=\"display: flex; align-items: center; margin-bottom: 10px; border-bottom: 1px solid #eee; padding-bottom: 10px;\"><svg xmlns=\"http:\/\/www.w3.org\/2000\/svg\" width=\"20\" height=\"20\" viewBox=\"0 0 24 24\" fill=\"none\" stroke=\"currentColor\" stroke-width=\"2\" stroke-linecap=\"round\" stroke-linejoin=\"round\" style=\"margin-right: 10px;\"><rect x=\"3\" y=\"4\" width=\"18\" height=\"18\" rx=\"2\" ry=\"2\"><\/rect><line x1=\"16\" y1=\"2\" x2=\"16\" y2=\"6\"><\/line><line x1=\"8\" y1=\"2\" x2=\"8\" y2=\"6\"><\/line><line x1=\"3\" y1=\"10\" x2=\"21\" y2=\"10\"><\/line><path d=\"m9 16 2 2 4-4\"><\/path><\/svg> A\u00f1o: 2023<\/li>\n                <li style=\"display: flex; align-items: center; padding-top: 5px;\"><svg xmlns=\"http:\/\/www.w3.org\/2000\/svg\" width=\"20\" height=\"20\" viewBox=\"0 0 24 24\" fill=\"#a42121\" stroke=\"#a42121\" stroke-width=\"2\" stroke-linecap=\"round\" stroke-linejoin=\"round\" style=\"margin-right: 10px;\"><circle cx=\"12\" cy=\"12\" r=\"10\"><\/circle><circle cx=\"12\" cy=\"12\" r=\"3\"><\/circle><\/svg> Estado: Vigente<\/li>\n            <\/ul>\n        <\/div>\n        <a href=\"#\" style=\"background-color: #a42121; color: white; padding: 12px 20px; border-radius: 8px; text-decoration: none; text-align: center; display: block; margin-top: 15px; transition: background-color 0.3s;\" onmouseover=\"this.style.backgroundColor='#8c1a1a'\" onmouseout=\"this.style.backgroundColor='#a42121'\">Ver Norma <span style=\"font-weight: bold; margin-left: 5px;\">&gt;<\/span><\/a>\n    <\/div>\n\n    <!-- Tarjeta 4 -->\n    <div class=\"tarjeta\" style=\"border: 2px solid #a42121; border-radius: 8px; padding: 25px; text-align: left; background-color: #fff; width: 100%; max-width: 350px; display: flex; flex-direction: column; justify-content: space-between;\">\n        <div>\n            <h3 style=\"color: #a42121; font-weight: bold; text-align: center; margin-top: 0; min-height: 140px; display: flex; align-items: center; justify-content: center;\">MATRICULA PARA ESTUDIANTES DE ANTEGRADO (COMPLEMENTA 0570-2022)<\/h3>\n            <ul style=\"list-style: none; padding: 0; margin: 20px 0;\">\n                <li style=\"display: flex; align-items: center; margin-bottom: 10px; border-bottom: 1px solid #eee; padding-bottom: 10px;\"><svg xmlns=\"http:\/\/www.w3.org\/2000\/svg\" width=\"20\" height=\"20\" viewBox=\"0 0 24 24\" fill=\"none\" stroke=\"currentColor\" stroke-width=\"2\" stroke-linecap=\"round\" stroke-linejoin=\"round\" style=\"margin-right: 10px;\"><path d=\"M14 2H6a2 2 0 0 0-2 2v16a2 2 0 0 0 2 2h12a2 2 0 0 0 2-2V8z\"><\/path><polyline points=\"14 2 14 8 20 8\"><\/polyline><line x1=\"16\" y1=\"13\" x2=\"8\" y2=\"13\"><\/line><line x1=\"16\" y1=\"17\" x2=\"8\" y2=\"17\"><\/line><polyline points=\"10 9 9 9 8 9\"><\/polyline><\/svg> N\u00famero: 799<\/li>\n                <li style=\"display: flex; align-items: center; margin-bottom: 10px; border-bottom: 1px solid #eee; padding-bottom: 10px;\"><svg xmlns=\"http:\/\/www.w3.org\/2000\/svg\" width=\"20\" height=\"20\" viewBox=\"0 0 24 24\" fill=\"none\" stroke=\"currentColor\" stroke-width=\"2\" stroke-linecap=\"round\" stroke-linejoin=\"round\" style=\"margin-right: 10px;\"><path d=\"M22 19a2 2 0 0 1-2 2H4a2 2 0 0 1-2-2V5a2 2 0 0 1 2-2h5l2 3h9a2 2 0 0 1 2 2z\"><\/path><\/svg> Categor\u00eda: Estudiante<\/li>\n                <li style=\"display: flex; align-items: center; margin-bottom: 10px; border-bottom: 1px solid #eee; padding-bottom: 10px;\"><svg xmlns=\"http:\/\/www.w3.org\/2000\/svg\" width=\"20\" height=\"20\" viewBox=\"0 0 24 24\" fill=\"none\" stroke=\"currentColor\" stroke-width=\"2\" stroke-linecap=\"round\" stroke-linejoin=\"round\" style=\"margin-right: 10px;\"><rect x=\"3\" y=\"4\" width=\"18\" height=\"18\" rx=\"2\" ry=\"2\"><\/rect><line x1=\"16\" y1=\"2\" x2=\"16\" y2=\"6\"><\/line><line x1=\"8\" y1=\"2\" x2=\"8\" y2=\"6\"><\/line><line x1=\"3\" y1=\"10\" x2=\"21\" y2=\"10\"><\/line><path d=\"m9 16 2 2 4-4\"><\/path><\/svg> A\u00f1o: 2023<\/li>\n                <li style=\"display: flex; align-items: center; padding-top: 5px;\"><svg xmlns=\"http:\/\/www.w3.org\/2000\/svg\" width=\"20\" height=\"20\" viewBox=\"0 0 24 24\" fill=\"#a42121\" stroke=\"#a42121\" stroke-width=\"2\" stroke-linecap=\"round\" stroke-linejoin=\"round\" style=\"margin-right: 10px;\"><circle cx=\"12\" cy=\"12\" r=\"10\"><\/circle><circle cx=\"12\" cy=\"12\" r=\"3\"><\/circle><\/svg> Estado: Vigente<\/li>\n            <\/ul>\n        <\/div>\n        <a href=\"#\" style=\"background-color: #a42121; color: white; padding: 12px 20px; border-radius: 8px; text-decoration: none; text-align: center; display: block; margin-top: 15px; transition: background-color 0.3s;\" onmouseover=\"this.style.backgroundColor='#8c1a1a'\" onmouseout=\"this.style.backgroundColor='#a42121'\">Ver Norma <span style=\"font-weight: bold; margin-left: 5px;\">&gt;<\/span><\/a>\n    <\/div>\n\n    <!-- Tarjeta 5 -->\n    <div class=\"tarjeta\" style=\"border: 2px solid #a42121; border-radius: 8px; padding: 25px; text-align: left; background-color: #fff; width: 100%; max-width: 350px; display: flex; flex-direction: column; justify-content: space-between;\">\n        <div>\n            <h3 style=\"color: #a42121; font-weight: bold; text-align: center; margin-top: 0; min-height: 140px; display: flex; align-items: center; justify-content: center;\">CONCURSO DE ADMISION ESTUDIOS DE PREGRADO<\/h3>\n            <ul style=\"list-style: none; padding: 0; margin: 20px 0;\">\n                <li style=\"display: flex; align-items: center; margin-bottom: 10px; border-bottom: 1px solid #eee; padding-bottom: 10px;\"><svg xmlns=\"http:\/\/www.w3.org\/2000\/svg\" width=\"20\" height=\"20\" viewBox=\"0 0 24 24\" fill=\"none\" stroke=\"currentColor\" stroke-width=\"2\" stroke-linecap=\"round\" stroke-linejoin=\"round\" style=\"margin-right: 10px;\"><path d=\"M14 2H6a2 2 0 0 0-2 2v16a2 2 0 0 0 2 2h12a2 2 0 0 0 2-2V8z\"><\/path><polyline points=\"14 2 14 8 20 8\"><\/polyline><line x1=\"16\" y1=\"13\" x2=\"8\" y2=\"13\"><\/line><line x1=\"16\" y1=\"17\" x2=\"8\" y2=\"17\"><\/line><polyline points=\"10 9 9 9 8 9\"><\/polyline><\/svg> N\u00famero: 91<\/li>\n                <li style=\"display: flex; align-items: center; margin-bottom: 10px; border-bottom: 1px solid #eee; padding-bottom: 10px;\"><svg xmlns=\"http:\/\/www.w3.org\/2000\/svg\" width=\"20\" height=\"20\" viewBox=\"0 0 24 24\" fill=\"none\" stroke=\"currentColor\" stroke-width=\"2\" stroke-linecap=\"round\" stroke-linejoin=\"round\" style=\"margin-right: 10px;\"><path d=\"M22 19a2 2 0 0 1-2 2H4a2 2 0 0 1-2-2V5a2 2 0 0 1 2-2h5l2 3h9a2 2 0 0 1 2 2z\"><\/path><\/svg> Categor\u00eda: Estudiante<\/li>\n                <li style=\"display: flex; align-items: center; margin-bottom: 10px; border-bottom: 1px solid #eee; padding-bottom: 10px;\"><svg xmlns=\"http:\/\/www.w3.org\/2000\/svg\" width=\"20\" height=\"20\" viewBox=\"0 0 24 24\" fill=\"none\" stroke=\"currentColor\" stroke-width=\"2\" stroke-linecap=\"round\" stroke-linejoin=\"round\" style=\"margin-right: 10px;\"><rect x=\"3\" y=\"4\" width=\"18\" height=\"18\" rx=\"2\" ry=\"2\"><\/rect><line x1=\"16\" y1=\"2\" x2=\"16\" y2=\"6\"><\/line><line x1=\"8\" y1=\"2\" x2=\"8\" y2=\"6\"><\/line><line x1=\"3\" y1=\"10\" x2=\"21\" y2=\"10\"><\/line><path d=\"m9 16 2 2 4-4\"><\/path><\/svg> A\u00f1o: 2023<\/li>\n                <li style=\"display: flex; align-items: center; padding-top: 5px;\"><svg xmlns=\"http:\/\/www.w3.org\/2000\/svg\" width=\"20\" height=\"20\" viewBox=\"0 0 24 24\" fill=\"#a42121\" stroke=\"#a42121\" stroke-width=\"2\" stroke-linecap=\"round\" stroke-linejoin=\"round\" style=\"margin-right: 10px;\"><circle cx=\"12\" cy=\"12\" r=\"10\"><\/circle><circle cx=\"12\" cy=\"12\" r=\"3\"><\/circle><\/svg> Estado: Vigente<\/li>\n            <\/ul>\n        <\/div>\n        <a href=\"#\" style=\"background-color: #a42121; color: white; padding: 12px 20px; border-radius: 8px; text-decoration: none; text-align: center; display: block; margin-top: 15px; transition: background-color 0.3s;\" onmouseover=\"this.style.backgroundColor='#8c1a1a'\" onmouseout=\"this.style.backgroundColor='#a42121'\">Ver Norma <span style=\"font-weight: bold; margin-left: 5px;\">&gt;<\/span><\/a>\n    <\/div>\n\n    <!-- Tarjeta 6 -->\n    <div class=\"tarjeta\" style=\"border: 2px solid #a42121; border-radius: 8px; padding: 25px; text-align: left; background-color: #fff; width: 100%; max-width: 350px; display: flex; flex-direction: column; justify-content: space-between;\">\n        <div>\n            <h3 style=\"color: #a42121; font-weight: bold; text-align: center; margin-top: 0; min-height: 140px; display: flex; align-items: center; justify-content: center;\">EVALUACI\u00d3N PARA ESTUDIANTES DE ANTEGRADO( COMPLEMENTA 116-2017)<\/h3>\n            <ul style=\"list-style: none; padding: 0; margin: 20px 0;\">\n                <li style=\"display: flex; align-items: center; margin-bottom: 10px; border-bottom: 1px solid #eee; padding-bottom: 10px;\"><svg xmlns=\"http:\/\/www.w3.org\/2000\/svg\" width=\"20\" height=\"20\" viewBox=\"0 0 24 24\" fill=\"none\" stroke=\"currentColor\" stroke-width=\"2\" stroke-linecap=\"round\" stroke-linejoin=\"round\" style=\"margin-right: 10px;\"><path d=\"M14 2H6a2 2 0 0 0-2 2v16a2 2 0 0 0 2 2h12a2 2 0 0 0 2-2V8z\"><\/path><polyline points=\"14 2 14 8 20 8\"><\/polyline><line x1=\"16\" y1=\"13\" x2=\"8\" y2=\"13\"><\/line><line x1=\"16\" y1=\"17\" x2=\"8\" y2=\"17\"><\/line><polyline points=\"10 9 9 9 8 9\"><\/polyline><\/svg> N\u00famero: 2575<\/li>\n                <li style=\"display: flex; align-items: center; margin-bottom: 10px; border-bottom: 1px solid #eee; padding-bottom: 10px;\"><svg xmlns=\"http:\/\/www.w3.org\/2000\/svg\" width=\"20\" height=\"20\" viewBox=\"0 0 24 24\" fill=\"none\" stroke=\"currentColor\" stroke-width=\"2\" stroke-linecap=\"round\" stroke-linejoin=\"round\" style=\"margin-right: 10px;\"><path d=\"M22 19a2 2 0 0 1-2 2H4a2 2 0 0 1-2-2V5a2 2 0 0 1 2-2h5l2 3h9a2 2 0 0 1 2 2z\"><\/path><\/svg> Categor\u00eda: Estudiante<\/li>\n                <li style=\"display: flex; align-items: center; margin-bottom: 10px; border-bottom: 1px solid #eee; padding-bottom: 10px;\"><svg xmlns=\"http:\/\/www.w3.org\/2000\/svg\" width=\"20\" height=\"20\" viewBox=\"0 0 24 24\" fill=\"none\" stroke=\"currentColor\" stroke-width=\"2\" stroke-linecap=\"round\" stroke-linejoin=\"round\" style=\"margin-right: 10px;\"><rect x=\"3\" y=\"4\" width=\"18\" height=\"18\" rx=\"2\" ry=\"2\"><\/rect><line x1=\"16\" y1=\"2\" x2=\"16\" y2=\"6\"><\/line><line x1=\"8\" y1=\"2\" x2=\"8\" y2=\"6\"><\/line><line x1=\"3\" y1=\"10\" x2=\"21\" y2=\"10\"><\/line><path d=\"m9 16 2 2 4-4\"><\/path><\/svg> A\u00f1o: 2022<\/li>\n                <li style=\"display: flex; align-items: center; padding-top: 5px;\"><svg xmlns=\"http:\/\/www.w3.org\/2000\/svg\" width=\"20\" height=\"20\" viewBox=\"0 0 24 24\" fill=\"#a42121\" stroke=\"#a42121\" stroke-width=\"2\" stroke-linecap=\"round\" stroke-linejoin=\"round\" style=\"margin-right: 10px;\"><circle cx=\"12\" cy=\"12\" r=\"10\"><\/circle><circle cx=\"12\" cy=\"12\" r=\"3\"><\/circle><\/svg> Estado: Vigente<\/li>\n            <\/ul>\n        <\/div>\n        <a href=\"#\" style=\"background-color: #a42121; color: white; padding: 12px 20px; border-radius: 8px; text-decoration: none; text-align: center; display: block; margin-top: 15px; transition: background-color 0.3s;\" onmouseover=\"this.style.backgroundColor='#8c1a1a'\" onmouseout=\"this.style.backgroundColor='#a42121'\">Ver Norma <span style=\"font-weight: bold; margin-left: 5px;\">&gt;<\/span><\/a>\n    <\/div>\n\n<\/div>","protected":false},"excerpt":{"rendered":"<p>REGLAMENTO CURSO DE NIVELACI\u00d3N ACAD\u00c9MICA PARA ESTUDIANTES DE PREGRADO EN LA UNIVERSIDAD NACIONAL AUT\u00d3NOMA DE HUANTA N\u00famero: 0069 Categor\u00eda: Estudiante A\u00f1o: 2025 Estado: Vigente Ver Norma &gt; CERTIFICACION POR COMPETENCIAS&#8230;<\/p>\n","protected":false},"author":1,"featured_media":0,"parent":0,"menu_order":0,"comment_status":"closed","ping_status":"closed","template":"","meta":{"footnotes":""},"class_list":["post-16525","page","type-page","status-publish","hentry"],"_links":{"self":[{"href":"https:\/\/vpacademica.unah.edu.pe\/index.php?rest_route=\/wp\/v2\/pages\/16525","targetHints":{"allow":["GET"]}}],"collection":[{"href":"https:\/\/vpacademica.unah.edu.pe\/index.php?rest_route=\/wp\/v2\/pages"}],"about":[{"href":"https:\/\/vpacademica.unah.edu.pe\/index.php?rest_route=\/wp\/v2\/types\/page"}],"author":[{"embeddable":true,"href":"https:\/\/vpacademica.unah.edu.pe\/index.php?rest_route=\/wp\/v2\/users\/1"}],"replies":[{"embeddable":true,"href":"https:\/\/vpacademica.unah.edu.pe\/index.php?rest_route=%2Fwp%2Fv2%2Fcomments&post=16525"}],"version-history":[{"count":3,"href":"https:\/\/vpacademica.unah.edu.pe\/index.php?rest_route=\/wp\/v2\/pages\/16525\/revisions"}],"predecessor-version":[{"id":16700,"href":"https:\/\/vpacademica.unah.edu.pe\/index.php?rest_route=\/wp\/v2\/pages\/16525\/revisions\/16700"}],"wp:attachment":[{"href":"https:\/\/vpacademica.unah.edu.pe\/index.php?rest_route=%2Fwp%2Fv2%2Fmedia&parent=16525"}],"curies":[{"name":"wp","href":"https:\/\/api.w.org\/{rel}","templated":true}]}}