{"id":16528,"date":"2025-08-05T05:19:36","date_gmt":"2025-08-05T03:19:36","guid":{"rendered":"https:\/\/136.119.118.83\/?page_id=16528"},"modified":"2025-08-05T18:55:47","modified_gmt":"2025-08-05T16:55:47","slug":"estatuto-unah","status":"publish","type":"page","link":"https:\/\/vpacademica.unah.edu.pe\/?page_id=16528","title":{"rendered":"Estatuto UNAH"},"content":{"rendered":"<div class=\"wp-block-group alignfull is-content-justification-center\" style=\"margin-top:0;margin-bottom:0;padding-top:calc( 0.5 * var(--wp--style--root--padding-right, var(--wp--custom--gap--horizontal)));padding-right:var(--wp--style--root--padding-right, var(--wp--custom--gap--horizontal));padding-bottom:calc( 0.5 * var(--wp--style--root--padding-right, var(--wp--custom--gap--horizontal)));padding-left:var(--wp--style--root--padding-left, var(--wp--custom--gap--horizontal))\"><div class=\"wp-block-group__inner-container is-layout-constrained wp-container-core-group-is-layout-b073b61b wp-block-group-is-layout-constrained\"><div style=\"height:calc( 0.25 * var(--wp--style--root--padding-right, var(--wp--custom--gap--horizontal)))\" aria-hidden=\"true\" class=\"wp-block-spacer\"><\/div>\n\n<div class=\"wp-block-group\"><div class=\"wp-block-group__inner-container is-layout-constrained wp-container-core-group-is-layout-e95e5873 wp-block-group-is-layout-constrained\"><h2 class=\"wp-block-heading alignwide has-text-align-center has-black-color has-text-color has-link-color has-xx-large-font-size wp-elements-820104bea841de57d7878368a7c2542b\">Documento de Gesti\u00f3n<\/h2>\n\n<p class=\"has-text-align-center has-black-color has-text-color has-link-color wp-elements-9c9810567aabc7176925724a2e2103a4\">Estatuto 2025 de la Universidad Nacional Aut\u00f3noma de Huanta aprobado con Resoluci\u00f3n de Comisi\u00f3n Organizadora N\u00b0 111-2025-UNAH de fecha 25 de febrero de 2025<\/p><\/div><\/div>\n\n<div style=\"height:var(--wp--preset--spacing--30)\" aria-hidden=\"true\" class=\"wp-block-spacer\"><\/div>\n\n<div data-wp-interactive=\"core\/file\" class=\"wp-block-file\"><object data-wp-bind--hidden=\"!state.hasPdfPreview\" hidden class=\"wp-block-file__embed\" data=\"http:\/\/136.119.118.83\/wp-content\/uploads\/2025\/08\/6621598-estatuto-2025.pdf\" type=\"application\/pdf\" style=\"width:100%;height:600px\" aria-label=\"Incrustado de 6621598-estatuto-2025.\"><\/object><a id=\"wp-block-file--media-be98877a-b417-4885-9870-fc0221e8a22c\" href=\"http:\/\/136.119.118.83\/wp-content\/uploads\/2025\/08\/6621598-estatuto-2025.pdf\">6621598-estatuto-2025<\/a><a href=\"http:\/\/136.119.118.83\/wp-content\/uploads\/2025\/08\/6621598-estatuto-2025.pdf\" class=\"wp-block-file__button wp-element-button\" download aria-describedby=\"wp-block-file--media-be98877a-b417-4885-9870-fc0221e8a22c\">Descarga<\/a><\/div>\n\n<div style=\"height:calc( 0.25 * var(--wp--style--root--padding-right, var(--wp--custom--gap--horizontal)))\" aria-hidden=\"true\" class=\"wp-block-spacer\"><\/div><\/div><\/div>","protected":false},"excerpt":{"rendered":"<p>Documento de Gesti\u00f3n Estatuto 2025 de la Universidad Nacional Aut\u00f3noma de Huanta aprobado con Resoluci\u00f3n de Comisi\u00f3n Organizadora N\u00b0 111-2025-UNAH de fecha 25 de febrero de 2025<\/p>\n","protected":false},"author":1,"featured_media":0,"parent":0,"menu_order":0,"comment_status":"closed","ping_status":"closed","template":"","meta":{"footnotes":""},"class_list":["post-16528","page","type-page","status-publish","hentry"],"_links":{"self":[{"href":"https:\/\/vpacademica.unah.edu.pe\/index.php?rest_route=\/wp\/v2\/pages\/16528","targetHints":{"allow":["GET"]}}],"collection":[{"href":"https:\/\/vpacademica.unah.edu.pe\/index.php?rest_route=\/wp\/v2\/pages"}],"about":[{"href":"https:\/\/vpacademica.unah.edu.pe\/index.php?rest_route=\/wp\/v2\/types\/page"}],"author":[{"embeddable":true,"href":"https:\/\/vpacademica.unah.edu.pe\/index.php?rest_route=\/wp\/v2\/users\/1"}],"replies":[{"embeddable":true,"href":"https:\/\/vpacademica.unah.edu.pe\/index.php?rest_route=%2Fwp%2Fv2%2Fcomments&post=16528"}],"version-history":[{"count":3,"href":"https:\/\/vpacademica.unah.edu.pe\/index.php?rest_route=\/wp\/v2\/pages\/16528\/revisions"}],"predecessor-version":[{"id":16704,"href":"https:\/\/vpacademica.unah.edu.pe\/index.php?rest_route=\/wp\/v2\/pages\/16528\/revisions\/16704"}],"wp:attachment":[{"href":"https:\/\/vpacademica.unah.edu.pe\/index.php?rest_route=%2Fwp%2Fv2%2Fmedia&parent=16528"}],"curies":[{"name":"wp","href":"https:\/\/api.w.org\/{rel}","templated":true}]}}