{"id":16584,"date":"2025-08-05T15:07:40","date_gmt":"2025-08-05T13:07:40","guid":{"rendered":"https:\/\/136.119.118.83\/?page_id=16584"},"modified":"2025-08-05T23:25:04","modified_gmt":"2025-08-05T21:25:04","slug":"escuelas-profesionales","status":"publish","type":"page","link":"https:\/\/vpacademica.unah.edu.pe\/?page_id=16584","title":{"rendered":"Escuelas Profesionales"},"content":{"rendered":"<p class=\"has-black-color has-text-color has-link-color wp-elements-b32642daf4446f2c5d699e323d91fa9a\"><strong>Escuelas Profesionales<\/strong><\/p><p class=\"has-black-color has-text-color has-link-color wp-elements-6cf851ba46b01e6df4a51ef5d19acce9\">La Escuela Profesional es la organizaci\u00f3n encargada del dise\u00f1o y actualizaci\u00f3n curricular de una carrera profesional, as\u00ed como de dirigir su aplicaci\u00f3n, para la formaci\u00f3n y capacitaci\u00f3n pertinente, hasta la obtenci\u00f3n del grado acad\u00e9mico y t\u00edtulo profesional correspondiente.<\/p><p class=\"has-black-color has-text-color has-link-color wp-elements-cbb4428a6504e6f000cbd32be70ff579\">La Escuela Profesional deber\u00e1 llevar a cabo una evaluaci\u00f3n continua de sus programas educativos, en coordinaci\u00f3n con los Departamentos Acad\u00e9micos y las Unidades de Investigaci\u00f3n, para asegurar la calidad y pertinencia de la formaci\u00f3n que ofrece.<\/p><p class=\"has-black-color has-text-color has-link-color wp-elements-d98c0848f910e2d18895f024bbaa3ba7\"><strong>Organizaci\u00f3n de la Escuela Profesional<\/strong><\/p><p class=\"has-black-color has-text-color has-link-color wp-elements-2974f44c2d2f584ad8bbfbad14d441a2\">La Escuela Profesional est\u00e1 dirigida por un director.<\/p><ol style=\"list-style-type:lower-alpha\" class=\"wp-block-list has-black-color has-text-color has-link-color wp-elements-1c61263442c3543e6afc46f0266fbaa6\"><li><strong>El Director<\/strong><\/li><\/ol><p class=\"has-black-color has-text-color has-link-color wp-elements-59365dbbcf8f39a45005f28f16fc428d\">Es designado por el Decano entre docentes principales de la Facultad, con doctorado en la especialidad correspondiente a la Escuela de la que ser\u00e1 director. Su designaci\u00f3n es por el periodo de dos (02) a\u00f1os, pudiendo ser designado por un periodo inmediato adicional.<\/p><p class=\"has-black-color has-text-color has-link-color wp-elements-4f1bad85ea9f3defb70e07e6f70f64b0\"><strong>Funciones del Director de la Escuela Profesional<\/strong><\/p><ol class=\"wp-block-list has-black-color has-text-color has-link-color wp-elements-8f5136efc87d29e085bdf6763ddd9070\"><li>Coordinar y supervisar las actividades acad\u00e9micas de la Escuela.<\/li>\n\n<li>Dise\u00f1ar y actualizar los planes de estudio y curr\u00edculos de la carrera profesional.<\/li>\n\n<li>Dirigir la aplicaci\u00f3n de los programas educativos hasta la obtenci\u00f3n de grados y t\u00edtulos.<\/li>\n\n<li>Promover la investigaci\u00f3n y la innovaci\u00f3n en la ense\u00f1anza de la especialidad.<\/li><\/ol><p class=\"has-black-color has-text-color has-link-color wp-elements-2ff9b1571bde5bd55f818af79663d952\"><strong>Facultad<\/strong><\/p><p class=\"has-black-color has-text-color has-link-color wp-elements-ac997bb9259c8b635bc971d329003e30\">Las facultades ejercen el cumplimiento de sus funciones en el marco de la autonom\u00eda de la Universidad.<\/p><p class=\"has-black-color has-text-color has-link-color wp-elements-94ed9c23da5bac6d24ef1e5290b2bb06\">La UNAH podr\u00e1 establecer secciones de facultad o de escuelas profesionales como un espacio formativo permanente, fuera de su \u00e1mbito local o sede principal, solo dentro de su jurisdicci\u00f3n regional. Su creaci\u00f3n y funcionamiento se encuentran sujetos a la supervisi\u00f3n que efect\u00fae la Sunedu, de conformidad con la normativa que emita para tal fin.<\/p><p class=\"has-black-color has-text-color has-link-color wp-elements-9644ba782590c49a087314bc47746616\">La UNAH cuenta con las Siguientes facultades:<\/p><ol class=\"wp-block-list has-black-color has-text-color has-link-color wp-elements-edae2e447f6c9c64dbf2431b6073d4e0\"><li>Facultad de Ingenier\u00eda y Gesti\u00f3n, que ofrece las siguientes carreras profesionales:<\/li>\n\n<li>Administraci\u00f3n de Turismo Sostenible y Hoteler\u00eda<\/li>\n\n<li>Ingenier\u00eda de Negocios Agron\u00f3micos y Forestales<\/li>\n\n<li>Ingenier\u00eda y Gesti\u00f3n Ambiental<\/li><\/ol><p class=\"has-black-color has-text-color has-link-color wp-elements-ca258c93a15ad9d28bc10a68fd681126\"><strong>De la Unidad de Investigaci\u00f3n<\/strong><\/p><p class=\"has-black-color has-text-color has-link-color wp-elements-9aed6890f85a24762b9d260fa80b853c\">La Unidad de Investigaci\u00f3n es la unidad encargada de integrar y coordinar las actividades de investigaci\u00f3n de la Facultad, promoviendo la producci\u00f3n de conocimiento y el desarrollo de ciencia y tecnolog\u00eda pertinentes a la realidad nacional, en concordancia con las l\u00edneas de investigaci\u00f3n institucionales.<\/p><p class=\"has-black-color has-text-color has-link-color wp-elements-161b50a87cf47b015b82dec443d24c91\">Est\u00e1 dirigida por un docente con grado de Doctor, designado por el Decano de la Facultad para un periodo de dos (2) a\u00f1os, pudiendo ser designado por un periodo inmediato adicional. Sus funciones se encuentran establecidos en el Reglamento de Organizaci\u00f3n y Funciones de la universidad.<\/p><p class=\"has-black-color has-text-color has-link-color wp-elements-3c734dba0ff879ad2034c811b6415082\"><strong>De la Unidad de Posgrado<\/strong><\/p><p class=\"has-black-color has-text-color has-link-color wp-elements-3a244672be58e459348ee1c55d8d96dd\">La Unidad de Posgrado, es la unidad org\u00e1nica encargada de integrar las actividades de Posgrado de la Facultad.<\/p><p class=\"has-black-color has-text-color has-link-color wp-elements-6a14037c8f113bceb095339ecc2c0987\">Est\u00e1 dirigida por un Director, quien es docente con igual o mayor grado a los que otorga, designado por el Decano, por un per\u00edodo de dos (2) a\u00f1os, pudiendo ser designado por un periodo inmediato adicional. Sus funciones se encuentran establecidos en el Reglamento de Organizaci\u00f3n y Funciones de la universidad.<\/p>","protected":false},"excerpt":{"rendered":"<p>Escuelas Profesionales La Escuela Profesional es la organizaci\u00f3n encargada del dise\u00f1o y actualizaci\u00f3n curricular de una carrera profesional, as\u00ed como de dirigir su aplicaci\u00f3n, para la formaci\u00f3n y capacitaci\u00f3n pertinente,&#8230;<\/p>\n","protected":false},"author":1,"featured_media":0,"parent":0,"menu_order":0,"comment_status":"closed","ping_status":"closed","template":"","meta":{"footnotes":""},"class_list":["post-16584","page","type-page","status-publish","hentry"],"_links":{"self":[{"href":"https:\/\/vpacademica.unah.edu.pe\/index.php?rest_route=\/wp\/v2\/pages\/16584","targetHints":{"allow":["GET"]}}],"collection":[{"href":"https:\/\/vpacademica.unah.edu.pe\/index.php?rest_route=\/wp\/v2\/pages"}],"about":[{"href":"https:\/\/vpacademica.unah.edu.pe\/index.php?rest_route=\/wp\/v2\/types\/page"}],"author":[{"embeddable":true,"href":"https:\/\/vpacademica.unah.edu.pe\/index.php?rest_route=\/wp\/v2\/users\/1"}],"replies":[{"embeddable":true,"href":"https:\/\/vpacademica.unah.edu.pe\/index.php?rest_route=%2Fwp%2Fv2%2Fcomments&post=16584"}],"version-history":[{"count":3,"href":"https:\/\/vpacademica.unah.edu.pe\/index.php?rest_route=\/wp\/v2\/pages\/16584\/revisions"}],"predecessor-version":[{"id":16803,"href":"https:\/\/vpacademica.unah.edu.pe\/index.php?rest_route=\/wp\/v2\/pages\/16584\/revisions\/16803"}],"wp:attachment":[{"href":"https:\/\/vpacademica.unah.edu.pe\/index.php?rest_route=%2Fwp%2Fv2%2Fmedia&parent=16584"}],"curies":[{"name":"wp","href":"https:\/\/api.w.org\/{rel}","templated":true}]}}