{"id":16590,"date":"2025-08-05T15:09:37","date_gmt":"2025-08-05T13:09:37","guid":{"rendered":"https:\/\/136.119.118.83\/?page_id=16590"},"modified":"2025-08-06T01:33:10","modified_gmt":"2025-08-05T23:33:10","slug":"departamento-academico","status":"publish","type":"page","link":"https:\/\/vpacademica.unah.edu.pe\/?page_id=16590","title":{"rendered":"Departamento Acad\u00e9mico"},"content":{"rendered":"<p class=\"has-black-color has-text-color has-link-color wp-elements-4200bd21ea91e1908e4140a44ee12bde\"><strong>Departamento Acad\u00e9mico<\/strong><\/p><p class=\"has-black-color has-text-color has-link-color wp-elements-0222a52d7ab496b8f03ec00bb4332010\">El Departamento Acad\u00e9mico es una unidad de servicio acad\u00e9mico de la Facultad, que re\u00fane a los docentes de disciplinas afines con la finalidad de estudiar, investigar y actualizar contenidos, mejorar estrategias pedag\u00f3gicas y preparar los s\u00edlabos por cursos o materias, a requerimiento de las Escuelas Profesionales. Cada Departamento se integra a una Facultad sin perjuicio de su funci\u00f3n de brindar servicios a otras Facultades.<\/p><p class=\"has-black-color has-text-color has-link-color wp-elements-e7027231e3021dc7cf19f0b4451eea59\"><strong>Organizaci\u00f3n del departamento acad\u00e9mico<\/strong><\/p><p class=\"has-black-color has-text-color has-link-color wp-elements-e7ae9bd7fddd79a21c67f46cba845291\">Est\u00e1 dirigido por un Director, elegido entre los docentes principales por los docentes ordinarios pertenecientes al Departamento de la Facultad correspondiente, por un periodo de dos (2) a\u00f1os. El Director puede ser reelegido solo por un periodo inmediato adicional.<\/p><p class=\"has-black-color has-text-color has-link-color wp-elements-45cff943c1ff37561d0788ebd40e3c48\"><strong>Departamentos Acad\u00e9micos<\/strong><\/p><p class=\"has-black-color has-text-color has-link-color wp-elements-d5362ee821156ed569d09ed12b8f3c4c\">La UNAH cuenta con los siguientes Departamentos Acad\u00e9micos:<\/p><ol start=\"1\" class=\"wp-block-list has-black-color has-text-color has-link-color wp-elements-ae2120472eee7f4406987b4c2f855cf7\"><li>Departamento Acad\u00e9mico de Estudios Generales.<\/li>\n\n<li>Departamento Acad\u00e9mico de Ingenier\u00eda.<\/li>\n\n<li>Departamento Acad\u00e9mico de Ciencias Administrativas.<\/li><\/ol>","protected":false},"excerpt":{"rendered":"<p>Departamento Acad\u00e9mico El Departamento Acad\u00e9mico es una unidad de servicio acad\u00e9mico de la Facultad, que re\u00fane a los docentes de disciplinas afines con la finalidad de estudiar, investigar y actualizar&#8230;<\/p>\n","protected":false},"author":1,"featured_media":0,"parent":0,"menu_order":0,"comment_status":"closed","ping_status":"closed","template":"","meta":{"footnotes":""},"class_list":["post-16590","page","type-page","status-publish","hentry"],"_links":{"self":[{"href":"https:\/\/vpacademica.unah.edu.pe\/index.php?rest_route=\/wp\/v2\/pages\/16590","targetHints":{"allow":["GET"]}}],"collection":[{"href":"https:\/\/vpacademica.unah.edu.pe\/index.php?rest_route=\/wp\/v2\/pages"}],"about":[{"href":"https:\/\/vpacademica.unah.edu.pe\/index.php?rest_route=\/wp\/v2\/types\/page"}],"author":[{"embeddable":true,"href":"https:\/\/vpacademica.unah.edu.pe\/index.php?rest_route=\/wp\/v2\/users\/1"}],"replies":[{"embeddable":true,"href":"https:\/\/vpacademica.unah.edu.pe\/index.php?rest_route=%2Fwp%2Fv2%2Fcomments&post=16590"}],"version-history":[{"count":3,"href":"https:\/\/vpacademica.unah.edu.pe\/index.php?rest_route=\/wp\/v2\/pages\/16590\/revisions"}],"predecessor-version":[{"id":16805,"href":"https:\/\/vpacademica.unah.edu.pe\/index.php?rest_route=\/wp\/v2\/pages\/16590\/revisions\/16805"}],"wp:attachment":[{"href":"https:\/\/vpacademica.unah.edu.pe\/index.php?rest_route=%2Fwp%2Fv2%2Fmedia&parent=16590"}],"curies":[{"name":"wp","href":"https:\/\/api.w.org\/{rel}","templated":true}]}}