{"id":16602,"date":"2025-08-05T15:19:02","date_gmt":"2025-08-05T13:19:02","guid":{"rendered":"https:\/\/136.119.118.83\/?page_id=16602"},"modified":"2025-08-05T19:42:30","modified_gmt":"2025-08-05T17:42:30","slug":"sanciones","status":"publish","type":"page","link":"https:\/\/vpacademica.unah.edu.pe\/?page_id=16602","title":{"rendered":"Sanciones"},"content":{"rendered":"<h3 class=\"wp-block-heading has-black-color has-text-color has-link-color wp-elements-307bcbce17f47711fdab2b41c1d1134b\">Medidas y Sanciones<\/h3><p class=\"has-black-color has-text-color has-link-color wp-elements-f19a70b5327ff27bd3291e69ff0e637a\">Las sanciones son medidas excepcionales aplicables en casos comprobados a docentes de la&nbsp;<strong>Universidad Nacional Aut\u00f3noma de Huanta<\/strong>&nbsp;que transgredan los principios rectores, deberes y prohibiciones en el ejercicio de su funci\u00f3n. Quienes incurren en responsabilidad administrativa son pasibles de ellas seg\u00fan la gravedad de la falta y la jerarqu\u00eda del servidor o funcionario, las cuales se aplican en observancia del debido proceso.<\/p><p class=\"has-black-color has-text-color has-link-color wp-elements-b2905b42e1cbd3d9b6a2c4f2fe1ae912\">Las sanciones son:<\/p><p class=\"has-black-color has-text-color has-link-color wp-elements-166cec35ab905526216e21ed0f4af842\">a) Amonestaci\u00f3n escrita.<br>b) Suspensi\u00f3n hasta por treinta (30) d\u00edas sin goce de remuneraciones.<br>c) Cese temporal sin goce de remuneraciones desde treinta y un (31) d\u00edas hasta doce (12) meses.<br>d) Destituci\u00f3n del ejercicio de la funci\u00f3n docente.<\/p><p class=\"has-black-color has-text-color has-link-color wp-elements-7dec75a49e42fd79d480d69a6adfd1ba\">Estas sanciones se aplican previo proceso administrativo disciplinario, cuya duraci\u00f3n no ser\u00e1 mayor a cuarenta y cinco (45) d\u00edas h\u00e1biles improrrogables. Las sanciones se\u00f1aladas no eximen de las responsabilidades civiles y penales a que hubiera lugar, as\u00ed como de los efectos que de ellas se deriven ante las autoridades respectivas.<\/p><p class=\"has-black-color has-text-color has-link-color wp-elements-b0f0dbb0d5076956dda34767cbc0c029\">Cuando el procedimiento administrativo contra un docente se origina por la presunci\u00f3n de hostigamiento o acoso sexual en agravio de un miembro de la comunidad universitaria, o por los delitos de violaci\u00f3n contra la libertad sexual, apolog\u00eda del terrorismo, terrorismo y sus formas agravadas, corrupci\u00f3n de funcionarios y\/o tr\u00e1fico il\u00edcito de drogas, as\u00ed como por incurrir en actos de violencia que atenten contra los derechos fundamentales de la persona y contra el patrimonio y que impiden el normal funcionamiento de servicios p\u00fablicos, el docente es separado preventivamente, sin perjuicio de la sanci\u00f3n que se imponga y respet\u00e1ndose su derecho al debido proceso.[<a target=\"_blank\" href=\"https:\/\/www.google.com\/url?sa=E&amp;q=https%3A%2F%2Fvertexaisearch.cloud.google.com%2Fgrounding-api-redirect%2FAUZIYQEo6j2fCxXCDVhUWPuBdHQtLDt6pn2sqdNP0q89cEUxsw0LxSzj2sJsQBDFcsZDXDICJIzsKMmPxrWeHjlVGUDM1Z1ACdS01VoNz_aUXkZh1cJFfTmpad-KQo_TRoqR9NuoI1tAWrGX85KEdwy1X19-05194b0umBsYS1ySGyMBsU-kIOQBhfAGudKTYeGrwl9P6WRTdphqaSAX-uQy\" rel=\"noreferrer noopener\">1<\/a>]<\/p><p class=\"has-black-color has-text-color has-link-color wp-elements-ead8808365e6cdabc02594e762365b91\">Las sanciones indicadas en los literales c) y d) se aplican previo proceso administrativo disciplinario, y la calificaci\u00f3n del grado y naturaleza de la falta o infracci\u00f3n, as\u00ed como las sanciones, estar\u00e1n a cargo de los \u00f3rganos de gobierno correspondientes y de acuerdo con el reglamento respectivo de la&nbsp;<strong>Universidad Nacional Aut\u00f3noma de Huanta<\/strong>.<\/p><h4 class=\"wp-block-heading has-black-color has-text-color has-link-color wp-elements-1b273a90d3c04a86bec0955d933eeb81\"><strong>Amonestaci\u00f3n Escrita<\/strong><\/h4><p class=\"has-black-color has-text-color has-link-color wp-elements-4d13950af9a950cdf96608501f675501\">El incumplimiento de los principios, deberes, obligaciones y prohibiciones en el ejercicio de la funci\u00f3n docente, debidamente comprobado y calificado como leve, es pasible de amonestaci\u00f3n escrita. La sanci\u00f3n es impuesta por la autoridad inmediata superior, seg\u00fan corresponda.<\/p><h4 class=\"wp-block-heading has-black-color has-text-color has-link-color wp-elements-b276e0539770547e32ab7e025493f5f2\"><strong>Suspensi\u00f3n<\/strong><\/h4><p class=\"has-black-color has-text-color has-link-color wp-elements-bed0077482117045caab5484d02d8e3e\">Cuando el incumplimiento de los principios, deberes, obligaciones y prohibiciones en el ejercicio de la funci\u00f3n docente, debidamente comprobado, no pueda ser calificado como leve por las circunstancias de la acci\u00f3n u omisi\u00f3n, ser\u00e1 pasible de suspensi\u00f3n en el cargo hasta por treinta (30) d\u00edas sin goce de remuneraciones. Asimismo, es pasible de suspensi\u00f3n el docente que incurre en una falta o infracci\u00f3n despu\u00e9s de haber sido sancionado en dos (2) ocasiones con amonestaci\u00f3n escrita. La sanci\u00f3n es impuesta por la autoridad inmediata superior, seg\u00fan corresponda. Es susceptible de suspensi\u00f3n el docente que incurre en plagio.<\/p><h4 class=\"wp-block-heading has-black-color has-text-color has-link-color wp-elements-e4c665e5a01cdff9b439f05e6f278a31\"><strong>Cese Temporal<\/strong><\/h4><p class=\"has-black-color has-text-color has-link-color wp-elements-7cd1db561ceadfe546ece732eb7e40cf\">Se considera falta o infracci\u00f3n grave, pasible de cese temporal, la transgresi\u00f3n por acci\u00f3n u omisi\u00f3n de los principios, deberes, obligaciones y prohibiciones en el ejercicio de la funci\u00f3n docente, tales como:<\/p><ul class=\"wp-block-list has-black-color has-text-color has-link-color wp-elements-1f0593cbf6588d697ccb3460aedd3491\"><li>Causar perjuicio al estudiante o a la universidad.<\/li>\n\n<li>Realizar en su centro de trabajo actividades ajenas al cumplimiento de sus funciones de docente sin la correspondiente autorizaci\u00f3n.<\/li>\n\n<li>Abandonar el cargo injustificadamente.<\/li>\n\n<li>Interrumpir u oponerse deliberadamente al normal desarrollo del servicio universitario.<\/li>\n\n<li>Incurrir en una falta o infracci\u00f3n luego de haber sido sancionado en dos ocasiones con suspensi\u00f3n.<\/li><\/ul><p class=\"has-black-color has-text-color has-link-color wp-elements-a2e31e3f25ba21cb58194dbb69e7da83\">El cese temporal es impuesto por el \u00f3rgano de gobierno correspondiente.<\/p><h4 class=\"wp-block-heading has-black-color has-text-color has-link-color wp-elements-2ae130830fb699e733adf395dfdd75d3\"><strong>Destituci\u00f3n<\/strong><\/h4><p class=\"has-black-color has-text-color has-link-color wp-elements-aa8eecce572488fa293d828758806fd4\">Son causales de destituci\u00f3n la transgresi\u00f3n por acci\u00f3n u omisi\u00f3n de los principios, deberes, obligaciones y prohibiciones en el ejercicio de la funci\u00f3n docente. Las causales consideradas como muy graves son las siguientes:<\/p><ul class=\"wp-block-list has-black-color has-text-color has-link-color wp-elements-4ea395e84933606c69529c65804aed4d\"><li>No presentarse al proceso de ratificaci\u00f3n en la carrera docente, sin causa justificada.<\/li>\n\n<li>Ejecutar, promover o encubrir, dentro o fuera de la universidad, actos de violencia f\u00edsica, de calumnia, injuria o difamaci\u00f3n, en agravio de cualquier miembro de la comunidad universitaria.<\/li>\n\n<li>Realizar actividades comerciales o lucrativas en beneficio propio o de terceros aprovechando el cargo o la funci\u00f3n que se tiene dentro de la universidad.<\/li>\n\n<li>Haber sido condenado por delito doloso.<\/li>\n\n<li>Incurrir en actos de violencia o causar grave perjuicio contra los derechos fundamentales de los estudiantes y otros miembros de la comunidad universitaria, as\u00ed como impedir el normal funcionamiento de servicios p\u00fablicos.<\/li>\n\n<li>Maltratar f\u00edsica o psicol\u00f3gicamente al estudiante y causarle da\u00f1o grave.<\/li>\n\n<li>Realizar conductas de hostigamiento sexual y actos que atenten contra la integridad y libertad sexual tipificados como delitos en el C\u00f3digo Penal.[<a href=\"https:\/\/www.google.com\/url?sa=E&amp;q=https%3A%2F%2Fvertexaisearch.cloud.google.com%2Fgrounding-api-redirect%2FAUZIYQEo6j2fCxXCDVhUWPuBdHQtLDt6pn2sqdNP0q89cEUxsw0LxSzj2sJsQBDFcsZDXDICJIzsKMmPxrWeHjlVGUDM1Z1ACdS01VoNz_aUXkZh1cJFfTmpad-KQo_TRoqR9NuoI1tAWrGX85KEdwy1X19-05194b0umBsYS1ySGyMBsU-kIOQBhfAGudKTYeGrwl9P6WRTdphqaSAX-uQy\" target=\"_blank\" rel=\"noreferrer noopener\">1<\/a>]<\/li>\n\n<li>Concurrir a la universidad en estado de ebriedad o bajo los efectos de alguna droga.<\/li>\n\n<li>Por incurrir en reincidencia, la inasistencia injustificada a tres (3) clases consecutivas o cinco (5) discontinuas.<\/li><\/ul>","protected":false},"excerpt":{"rendered":"<p>Medidas y Sanciones Las sanciones son medidas excepcionales aplicables en casos comprobados a docentes de la&nbsp;Universidad Nacional Aut\u00f3noma de Huanta&nbsp;que transgredan los principios rectores, deberes y prohibiciones en el ejercicio&#8230;<\/p>\n","protected":false},"author":1,"featured_media":0,"parent":0,"menu_order":0,"comment_status":"closed","ping_status":"closed","template":"","meta":{"footnotes":""},"class_list":["post-16602","page","type-page","status-publish","hentry"],"_links":{"self":[{"href":"https:\/\/vpacademica.unah.edu.pe\/index.php?rest_route=\/wp\/v2\/pages\/16602","targetHints":{"allow":["GET"]}}],"collection":[{"href":"https:\/\/vpacademica.unah.edu.pe\/index.php?rest_route=\/wp\/v2\/pages"}],"about":[{"href":"https:\/\/vpacademica.unah.edu.pe\/index.php?rest_route=\/wp\/v2\/types\/page"}],"author":[{"embeddable":true,"href":"https:\/\/vpacademica.unah.edu.pe\/index.php?rest_route=\/wp\/v2\/users\/1"}],"replies":[{"embeddable":true,"href":"https:\/\/vpacademica.unah.edu.pe\/index.php?rest_route=%2Fwp%2Fv2%2Fcomments&post=16602"}],"version-history":[{"count":4,"href":"https:\/\/vpacademica.unah.edu.pe\/index.php?rest_route=\/wp\/v2\/pages\/16602\/revisions"}],"predecessor-version":[{"id":16739,"href":"https:\/\/vpacademica.unah.edu.pe\/index.php?rest_route=\/wp\/v2\/pages\/16602\/revisions\/16739"}],"wp:attachment":[{"href":"https:\/\/vpacademica.unah.edu.pe\/index.php?rest_route=%2Fwp%2Fv2%2Fmedia&parent=16602"}],"curies":[{"name":"wp","href":"https:\/\/api.w.org\/{rel}","templated":true}]}}