{"id":16628,"date":"2025-08-05T15:59:44","date_gmt":"2025-08-05T13:59:44","guid":{"rendered":"https:\/\/136.119.118.83\/?page_id=16628"},"modified":"2025-08-05T22:23:43","modified_gmt":"2025-08-05T20:23:43","slug":"sanciones-estudiantes","status":"publish","type":"page","link":"https:\/\/vpacademica.unah.edu.pe\/?page_id=16628","title":{"rendered":"Sanciones Estudiantes"},"content":{"rendered":"<h3 class=\"wp-block-heading has-black-color has-text-color has-link-color wp-elements-26139a60bf2e88b6617023f36353e9f2\"><strong>Sanciones<\/strong><\/h3><p class=\"has-black-color has-text-color has-link-color wp-elements-29131837f04968a6d07cd89e467beec6\">Las sanciones son medidas excepcionales aplicables en casos comprobados de estudiantes de la&nbsp;<strong>Universidad Nacional Aut\u00f3noma de Huanta<\/strong>&nbsp;que incumplan los deberes se\u00f1alados en la ley y el Estatuto universitario. Para su aplicaci\u00f3n, los estudiantes deben ser sometidos a un proceso disciplinario, respetando su derecho a la defensa y al debido proceso.<\/p><p class=\"has-black-color has-text-color has-link-color wp-elements-58e678debf3fff7143a553acb385a396\">Los estudiantes son sujetos a las siguientes sanciones:<\/p><p class=\"has-black-color has-text-color has-link-color wp-elements-8a1b8819d87514d1fdbcc16ca35df438\">a) Amonestaci\u00f3n escrita.<br>b) Separaci\u00f3n hasta por dos (2) periodos lectivos semestrales o uno (1) anual.<br>c) Separaci\u00f3n definitiva.<\/p><p class=\"has-black-color has-text-color has-link-color wp-elements-f75bbbfaca687d946688743ad81bc787\">Las sanciones son aplicadas por el \u00f3rgano de gobierno correspondiente, de acuerdo con el reglamento respectivo y seg\u00fan la gravedad de la falta, bajo responsabilidad. No es causal de sanci\u00f3n la actividad gremial o pol\u00edtica.<\/p>","protected":false},"excerpt":{"rendered":"<p>Sanciones Las sanciones son medidas excepcionales aplicables en casos comprobados de estudiantes de la&nbsp;Universidad Nacional Aut\u00f3noma de Huanta&nbsp;que incumplan los deberes se\u00f1alados en la ley y el Estatuto universitario. Para&#8230;<\/p>\n","protected":false},"author":1,"featured_media":0,"parent":0,"menu_order":0,"comment_status":"closed","ping_status":"closed","template":"","meta":{"footnotes":""},"class_list":["post-16628","page","type-page","status-publish","hentry"],"_links":{"self":[{"href":"https:\/\/vpacademica.unah.edu.pe\/index.php?rest_route=\/wp\/v2\/pages\/16628","targetHints":{"allow":["GET"]}}],"collection":[{"href":"https:\/\/vpacademica.unah.edu.pe\/index.php?rest_route=\/wp\/v2\/pages"}],"about":[{"href":"https:\/\/vpacademica.unah.edu.pe\/index.php?rest_route=\/wp\/v2\/types\/page"}],"author":[{"embeddable":true,"href":"https:\/\/vpacademica.unah.edu.pe\/index.php?rest_route=\/wp\/v2\/users\/1"}],"replies":[{"embeddable":true,"href":"https:\/\/vpacademica.unah.edu.pe\/index.php?rest_route=%2Fwp%2Fv2%2Fcomments&post=16628"}],"version-history":[{"count":3,"href":"https:\/\/vpacademica.unah.edu.pe\/index.php?rest_route=\/wp\/v2\/pages\/16628\/revisions"}],"predecessor-version":[{"id":16778,"href":"https:\/\/vpacademica.unah.edu.pe\/index.php?rest_route=\/wp\/v2\/pages\/16628\/revisions\/16778"}],"wp:attachment":[{"href":"https:\/\/vpacademica.unah.edu.pe\/index.php?rest_route=%2Fwp%2Fv2%2Fmedia&parent=16628"}],"curies":[{"name":"wp","href":"https:\/\/api.w.org\/{rel}","templated":true}]}}