{"id":16631,"date":"2025-08-05T16:00:29","date_gmt":"2025-08-05T14:00:29","guid":{"rendered":"https:\/\/136.119.118.83\/?page_id=16631"},"modified":"2025-08-05T23:07:51","modified_gmt":"2025-08-05T21:07:51","slug":"estudiantes-destacados","status":"publish","type":"page","link":"https:\/\/vpacademica.unah.edu.pe\/?page_id=16631","title":{"rendered":"Estudiantes Destacados"},"content":{"rendered":"<div class=\"wp-block-media-text alignwide is-stacked-on-mobile is-vertically-aligned-center has-background\" style=\"background:linear-gradient(135deg,rgb(238,238,238) 11%,rgb(169,184,195) 100%)\"><figure class=\"wp-block-media-text__media\"><img fetchpriority=\"high\" decoding=\"async\" width=\"1024\" height=\"768\" src=\"http:\/\/136.119.118.83\/wp-content\/uploads\/2025\/08\/WhatsApp-Image-2025-08-05-at-10.09.40-1024x768.jpeg\" alt=\"\" class=\"wp-image-16780 size-full\" srcset=\"https:\/\/vpacademica.unah.edu.pe\/wp-content\/uploads\/2025\/08\/WhatsApp-Image-2025-08-05-at-10.09.40-1024x768.jpeg 1024w, https:\/\/vpacademica.unah.edu.pe\/wp-content\/uploads\/2025\/08\/WhatsApp-Image-2025-08-05-at-10.09.40-300x225.jpeg 300w, https:\/\/vpacademica.unah.edu.pe\/wp-content\/uploads\/2025\/08\/WhatsApp-Image-2025-08-05-at-10.09.40-768x576.jpeg 768w, https:\/\/vpacademica.unah.edu.pe\/wp-content\/uploads\/2025\/08\/WhatsApp-Image-2025-08-05-at-10.09.40-100x75.jpeg 100w, https:\/\/vpacademica.unah.edu.pe\/wp-content\/uploads\/2025\/08\/WhatsApp-Image-2025-08-05-at-10.09.40-600x450.jpeg 600w, https:\/\/vpacademica.unah.edu.pe\/wp-content\/uploads\/2025\/08\/WhatsApp-Image-2025-08-05-at-10.09.40.jpeg 1280w\" sizes=\"(max-width: 1024px) 100vw, 1024px\" \/><\/figure><div class=\"wp-block-media-text__content\"><div class=\"wp-block-group\" style=\"padding-top:2em;padding-right:2em;padding-bottom:2em;padding-left:2em\"><div class=\"wp-block-group__inner-container is-layout-flow wp-block-group-is-layout-flow\"><p class=\"has-black-color has-text-color has-link-color wp-elements-557a0d397b4648a2fda43a83b004c2e7\" style=\"font-size:36px;line-height:1.2\"><strong>Estudiantes realizan pasant\u00eda internacional en la Universidad de Cambridge \u2013 Reino Unido.<\/strong><\/p>\n\n<p class=\"has-black-color has-text-color has-link-color has-extra-small-font-size wp-elements-2b8371637e856da5306703266e60059a\">La delegaci\u00f3n de estudiantes de la escuela profesional de Ingenier\u00eda y Gesti\u00f3n Ambiental de la Universidad Nacional Aut\u00f3noma de Huanta \u2013 UNAH, que se encuentran realizando la pasant\u00eda internacional en la Universidad de Cambridge ya se encuentran en CAVENDISH LABORATORY.<\/p>\n\n<p class=\"has-black-color has-text-color has-link-color wp-elements-52c1089aa7ca7fb60c0db63d8796a610\">25 de marzo de 2025<\/p><\/div><\/div><\/div><\/div><div style=\"height:30px\" aria-hidden=\"true\" class=\"wp-block-spacer\"><\/div><div class=\"wp-block-media-text alignwide is-stacked-on-mobile is-vertically-aligned-center has-background\" style=\"background:linear-gradient(135deg,rgb(238,238,238) 11%,rgb(169,184,195) 100%)\"><figure class=\"wp-block-media-text__media\"><img decoding=\"async\" width=\"700\" height=\"395\" src=\"http:\/\/136.119.118.83\/wp-content\/uploads\/2025\/08\/1111777-pasantes.jpg\" alt=\"\" class=\"wp-image-16786 size-full\" srcset=\"https:\/\/vpacademica.unah.edu.pe\/wp-content\/uploads\/2025\/08\/1111777-pasantes.jpg 700w, https:\/\/vpacademica.unah.edu.pe\/wp-content\/uploads\/2025\/08\/1111777-pasantes-300x169.jpg 300w, https:\/\/vpacademica.unah.edu.pe\/wp-content\/uploads\/2025\/08\/1111777-pasantes-100x56.jpg 100w, https:\/\/vpacademica.unah.edu.pe\/wp-content\/uploads\/2025\/08\/1111777-pasantes-600x339.jpg 600w\" sizes=\"(max-width: 700px) 100vw, 700px\" \/><\/figure><div class=\"wp-block-media-text__content\"><div class=\"wp-block-group\" style=\"padding-top:2em;padding-right:2em;padding-bottom:2em;padding-left:2em\"><div class=\"wp-block-group__inner-container is-layout-flow wp-block-group-is-layout-flow\"><p class=\"has-black-color has-text-color has-link-color wp-elements-c19db7d276209efe67af2d0c4859ce34\" style=\"font-size:36px;line-height:1.2\"><strong>Reconocen a estudiantes seleccionados para pasant\u00edas y movilidad estudiantil<\/strong><\/p>\n\n<p class=\"has-black-color has-text-color has-link-color has-extra-small-font-size wp-elements-ae9b8c3a49507d98594df0bb068ab7ca\">Continua el proceso exitoso de internacionalizaci\u00f3n de la Universidad Nacional Aut\u00f3noma de Huanta \u2013 UNAH, en esta oportunidad, la Direcci\u00f3n de Cooperaci\u00f3n y Relaciones Internacionales, realiz\u00f3 la ceremonia de reconocimiento a los estudiantes seleccionados por el Programa de Movilidad Estudiantil Nacional e Internacional para realizar pasant\u00edas y movilidad acad\u00e9mica en la Universidad de Cambridge \u2013 Reino Unido, Universidad Estadual de Campinas \u2013 Brasil y la Universidad Nacional Agraria La Molina \u2013 Lima.<\/p>\n\n<p class=\"has-black-color has-text-color has-link-color wp-elements-4f41e0aa359b268b666f25734aadfa0d\">18 de febrero de 2025<\/p><\/div><\/div><\/div><\/div><div style=\"height:30px\" aria-hidden=\"true\" class=\"wp-block-spacer\"><\/div><div class=\"wp-block-media-text alignwide is-stacked-on-mobile is-vertically-aligned-center has-background\" style=\"background:linear-gradient(135deg,rgb(238,238,238) 11%,rgb(169,184,195) 100%)\"><figure class=\"wp-block-media-text__media\"><img decoding=\"async\" width=\"700\" height=\"395\" src=\"http:\/\/136.119.118.83\/wp-content\/uploads\/2025\/08\/921725-molina.jpg\" alt=\"\" class=\"wp-image-16789 size-full\" srcset=\"https:\/\/vpacademica.unah.edu.pe\/wp-content\/uploads\/2025\/08\/921725-molina.jpg 700w, https:\/\/vpacademica.unah.edu.pe\/wp-content\/uploads\/2025\/08\/921725-molina-300x169.jpg 300w, https:\/\/vpacademica.unah.edu.pe\/wp-content\/uploads\/2025\/08\/921725-molina-100x56.jpg 100w, https:\/\/vpacademica.unah.edu.pe\/wp-content\/uploads\/2025\/08\/921725-molina-600x339.jpg 600w\" sizes=\"(max-width: 700px) 100vw, 700px\" \/><\/figure><div class=\"wp-block-media-text__content\"><div class=\"wp-block-group\" style=\"padding-top:2em;padding-right:2em;padding-bottom:2em;padding-left:2em\"><div class=\"wp-block-group__inner-container is-layout-flow wp-block-group-is-layout-flow\"><p class=\"has-black-color has-text-color has-link-color wp-elements-88422afdf1d8a1cbd06790a816944629\" style=\"font-size:36px;line-height:1.2\"><strong>Estudiantes realizan estancia acad\u00e9mica en la Universidad Nacional Agraria La Molina.<\/strong><\/p>\n\n<p class=\"has-black-color has-text-color has-link-color has-extra-small-font-size wp-elements-24ce25d94477db510906016676e961e0\">Ocho estudiantes de la Universidad Nacional Aut\u00f3noma de Huanta realizaran su estancia acad\u00e9mica en la Universidad Nacional Agraria La Molina, con la finalidad de adquirir mayor experiencia durante su preparaci\u00f3n y formaci\u00f3n profesional por un periodo de un ciclo acad\u00e9mico.<\/p>\n\n<p class=\"has-black-color has-text-color has-link-color wp-elements-d09e49307d4c51db75a5d85f8bc594f7\">18 de marzo de 2024<\/p><\/div><\/div><\/div><\/div><div style=\"height:30px\" aria-hidden=\"true\" class=\"wp-block-spacer\"><\/div><div class=\"wp-block-media-text alignwide is-stacked-on-mobile is-vertically-aligned-center has-background\" style=\"background:linear-gradient(135deg,rgb(238,238,238) 11%,rgb(169,184,195) 100%)\"><figure class=\"wp-block-media-text__media\"><img loading=\"lazy\" decoding=\"async\" width=\"700\" height=\"395\" src=\"http:\/\/136.119.118.83\/wp-content\/uploads\/2025\/08\/905345-cam.jpg\" alt=\"\" class=\"wp-image-16793 size-full\" srcset=\"https:\/\/vpacademica.unah.edu.pe\/wp-content\/uploads\/2025\/08\/905345-cam.jpg 700w, https:\/\/vpacademica.unah.edu.pe\/wp-content\/uploads\/2025\/08\/905345-cam-300x169.jpg 300w, https:\/\/vpacademica.unah.edu.pe\/wp-content\/uploads\/2025\/08\/905345-cam-100x56.jpg 100w, https:\/\/vpacademica.unah.edu.pe\/wp-content\/uploads\/2025\/08\/905345-cam-600x339.jpg 600w\" sizes=\"(max-width: 700px) 100vw, 700px\" \/><\/figure><div class=\"wp-block-media-text__content\"><div class=\"wp-block-group\" style=\"padding-top:2em;padding-right:2em;padding-bottom:2em;padding-left:2em\"><div class=\"wp-block-group__inner-container is-layout-flow wp-block-group-is-layout-flow\"><p class=\"has-black-color has-text-color has-link-color wp-elements-30629d935f0662cebd8748deb7dd1700\" style=\"font-size:36px;line-height:1.2\"><strong>Estudiantes exponen proyectos de investigaci\u00f3n en Cambridge<\/strong><\/p>\n\n<p class=\"has-black-color has-text-color has-link-color has-extra-small-font-size wp-elements-8f64ae82edb1fa4233d2208dc28c833d\">Los estudiantes de la Universidad Nacional Aut\u00f3noma de Huanta, que viene realizando su pasant\u00eda internacional en la Universidad de Cambridge \u2013 Reino Unido, desarrollaron una jornada de exposici\u00f3n de los proyectos de investigaci\u00f3n en el Seminario Cient\u00edfico del Grupo de investigaci\u00f3n en F\u00edsica Ambiental del Laboratorio de Cavendish de la referida universidad.<\/p>\n\n<p class=\"has-black-color has-text-color has-link-color has-extra-small-font-size wp-elements-fd61c88769234bef7db589627e464f4f\">El seminario cont\u00f3 con la participaci\u00f3n del Dr. Crisp\u00edn Barnes, director del grupo, cient\u00edficos asociados, estudiantes de maestr\u00eda y los pasantes peruanos.<\/p>\n\n<p class=\"has-black-color has-text-color has-link-color wp-elements-512f083aaef6c84343444a9cea371409\">12 de febrero de 2024<\/p><\/div><\/div><\/div><\/div><div style=\"height:30px\" aria-hidden=\"true\" class=\"wp-block-spacer\"><\/div><div class=\"wp-block-media-text alignwide is-stacked-on-mobile is-vertically-aligned-center has-background\" style=\"background:linear-gradient(135deg,rgb(238,238,238) 11%,rgb(169,184,195) 100%)\"><figure class=\"wp-block-media-text__media\"><img loading=\"lazy\" decoding=\"async\" width=\"700\" height=\"395\" src=\"http:\/\/136.119.118.83\/wp-content\/uploads\/2025\/08\/902088-labo.jpg\" alt=\"\" class=\"wp-image-16799 size-full\" srcset=\"https:\/\/vpacademica.unah.edu.pe\/wp-content\/uploads\/2025\/08\/902088-labo.jpg 700w, https:\/\/vpacademica.unah.edu.pe\/wp-content\/uploads\/2025\/08\/902088-labo-300x169.jpg 300w, https:\/\/vpacademica.unah.edu.pe\/wp-content\/uploads\/2025\/08\/902088-labo-100x56.jpg 100w, https:\/\/vpacademica.unah.edu.pe\/wp-content\/uploads\/2025\/08\/902088-labo-600x339.jpg 600w\" sizes=\"(max-width: 700px) 100vw, 700px\" \/><\/figure><div class=\"wp-block-media-text__content\"><div class=\"wp-block-group\" style=\"padding-top:2em;padding-right:2em;padding-bottom:2em;padding-left:2em\"><div class=\"wp-block-group__inner-container is-layout-flow wp-block-group-is-layout-flow\"><p class=\"has-black-color has-text-color has-link-color wp-elements-0ca3d1d9b49e1211555c32c341cf4d62\" style=\"font-size:36px;line-height:1.2\"><strong>Estudiantes ya est\u00e1n en laboratorios de Cambridge<\/strong><\/p>\n\n<p class=\"has-black-color has-text-color has-link-color has-extra-small-font-size wp-elements-2b8371637e856da5306703266e60059a\">La delegaci\u00f3n de estudiantes de la escuela profesional de Ingenier\u00eda y Gesti\u00f3n Ambiental de la Universidad Nacional Aut\u00f3noma de Huanta \u2013 UNAH, que se encuentran realizando la pasant\u00eda internacional en la Universidad de Cambridge ya se encuentran en CAVENDISH LABORATORY.<\/p>\n\n<p class=\"has-black-color has-text-color has-link-color wp-elements-9e3f99735f1a12ecd9be7a323131bd4a\">5 de febrero de 2024<\/p><\/div><\/div><\/div><\/div>","protected":false},"excerpt":{"rendered":"","protected":false},"author":1,"featured_media":0,"parent":0,"menu_order":0,"comment_status":"closed","ping_status":"closed","template":"","meta":{"footnotes":""},"class_list":["post-16631","page","type-page","status-publish","hentry"],"_links":{"self":[{"href":"https:\/\/vpacademica.unah.edu.pe\/index.php?rest_route=\/wp\/v2\/pages\/16631","targetHints":{"allow":["GET"]}}],"collection":[{"href":"https:\/\/vpacademica.unah.edu.pe\/index.php?rest_route=\/wp\/v2\/pages"}],"about":[{"href":"https:\/\/vpacademica.unah.edu.pe\/index.php?rest_route=\/wp\/v2\/types\/page"}],"author":[{"embeddable":true,"href":"https:\/\/vpacademica.unah.edu.pe\/index.php?rest_route=\/wp\/v2\/users\/1"}],"replies":[{"embeddable":true,"href":"https:\/\/vpacademica.unah.edu.pe\/index.php?rest_route=%2Fwp%2Fv2%2Fcomments&post=16631"}],"version-history":[{"count":13,"href":"https:\/\/vpacademica.unah.edu.pe\/index.php?rest_route=\/wp\/v2\/pages\/16631\/revisions"}],"predecessor-version":[{"id":16801,"href":"https:\/\/vpacademica.unah.edu.pe\/index.php?rest_route=\/wp\/v2\/pages\/16631\/revisions\/16801"}],"wp:attachment":[{"href":"https:\/\/vpacademica.unah.edu.pe\/index.php?rest_route=%2Fwp%2Fv2%2Fmedia&parent=16631"}],"curies":[{"name":"wp","href":"https:\/\/api.w.org\/{rel}","templated":true}]}}