{"id":16638,"date":"2025-08-05T16:03:16","date_gmt":"2025-08-05T14:03:16","guid":{"rendered":"https:\/\/136.119.118.83\/?page_id=16638"},"modified":"2025-08-05T22:01:31","modified_gmt":"2025-08-05T20:01:31","slug":"deberes-y-derechos-estudiantes","status":"publish","type":"page","link":"https:\/\/vpacademica.unah.edu.pe\/?page_id=16638","title":{"rendered":"Deberes y Derechos Estudiantes"},"content":{"rendered":"<h3 class=\"wp-block-heading has-black-color has-text-color has-link-color wp-elements-5a60fbd3941b74feffd027d5f3db8bdb\"><strong>Derechos de los Estudiantes<\/strong><\/h3><p class=\"has-black-color has-text-color has-link-color wp-elements-5292c8635f534cee69d6e708381beca5\">Son derechos de los estudiantes de la&nbsp;<strong>Universidad Nacional Aut\u00f3noma de Huanta<\/strong>:<\/p><ul class=\"wp-block-list has-black-color has-text-color has-link-color wp-elements-fea09ac3e134426ace17e3a925bad424\"><li>La gratuidad de la ense\u00f1anza en pregrado.<\/li>\n\n<li>Recibir una adecuada formaci\u00f3n acad\u00e9mica, integral, humanista y de calidad que le otorgue conocimientos necesarios para el desempe\u00f1o profesional.<\/li>\n\n<li>Participar en el proceso de ense\u00f1anza-aprendizaje, investigaci\u00f3n, proyecci\u00f3n y responsabilidad social, de elaboraci\u00f3n de horarios de los cursos, as\u00ed como recibir herramientas de investigaci\u00f3n.<\/li>\n\n<li>Participar en el proceso de evaluaci\u00f3n a los docentes por periodo acad\u00e9mico, mediante encuestas y otros mecanismos vinculantes con fines de permanencia, promoci\u00f3n o separaci\u00f3n.<\/li>\n\n<li>No ser discriminado ni sancionado por motivos relacionados con sus ideas, actividad gremial o pol\u00edtica, religi\u00f3n, nacionalidad, condici\u00f3n econ\u00f3mica, raza, orientaci\u00f3n sexual, g\u00e9nero o de cualquier otra \u00edndole.<\/li>\n\n<li>Expresar libremente sus ideas y cr\u00edticas, sin ser sancionado por causa de las mismas.<\/li>\n\n<li>Ejercer sus libertades acad\u00e9micas: tacha docente, c\u00e1tedra paralela y libre.<\/li>\n\n<li>Elegir y ser elegido como integrante del tercio estudiantil en las instancias de gobierno de las facultades y la universidad.<\/li>\n\n<li>Elegir a las autoridades universitarias mediante voto universal directo y secreto.<\/li>\n\n<li>Fiscalizar la calidad acad\u00e9mica y pedag\u00f3gica del docente, y participar en la fiscalizaci\u00f3n de las labores acad\u00e9micas, administrativas y econ\u00f3micas de las autoridades y de la actividad universitaria en general.<\/li>\n\n<li>Tener informaci\u00f3n de acuerdo la Ley de Transparencia y Acceso a la Informaci\u00f3n P\u00fablica.<\/li>\n\n<li>Tener acceso gratuito y prioritario frente a particulares a los ambientes, instalaciones y equipos para eventos de difusi\u00f3n acad\u00e9mica, cultural, pol\u00edtica y de acontecer nacional e internacional. Asimismo, contar con ambientes, instalaciones, mobiliario y equipos que sean accesibles y adecuados para personas con discapacidad.<\/li>\n\n<li>Organizarse unitariamente en la\u00a0<strong>Federaci\u00f3n Universitaria de la Universidad Nacional Aut\u00f3noma de Huanta<\/strong>, los centros federados y centros de estudiantes y tambi\u00e9n agruparse libremente con fines culturales, deportivos, cient\u00edficos y art\u00edsticos.<\/li>\n\n<li>Formar talleres, grupos, asociaciones y c\u00edrculos de estudiantes que tengan por finalidad desarrollar y promover conocimiento y cultura, artes, ciencia y tecnolog\u00eda.<\/li>\n\n<li>La atenci\u00f3n en los servicios acad\u00e9micos, asistenciales y de bienestar de la universidad.<\/li>\n\n<li>Recibir apoyo material y t\u00e9cnico de la universidad, a trav\u00e9s de su facultad, para facilitar sus estudios y tareas de investigaci\u00f3n y, en los \u00faltimos a\u00f1os de estudio, para pr\u00e1cticas preprofesionales rentadas; los cuales ser\u00e1n atendidos o financiados sujetos a disponibilidad presupuestal o gestionadas por la universidad mediante convenios con entidades p\u00fablicas y\/o empresas privadas.<\/li>\n\n<li>Recibir asesor\u00eda o facilidades de la universidad en el uso de equipos e instalaciones disponibles de la misma para la creaci\u00f3n de peque\u00f1as y microempresas de propiedad de los estudiantes.<\/li>\n\n<li>Participar en los procesos de actualizaci\u00f3n de los planes curriculares.<\/li>\n\n<li>La gratuidad, por una sola vez, para el asesoramiento, la elaboraci\u00f3n y la sustentaci\u00f3n de su trabajo de investigaci\u00f3n para obtener el grado de bachiller, as\u00ed como para la tesis en la obtenci\u00f3n del t\u00edtulo profesional.<\/li>\n\n<li>Recibir distinciones y est\u00edmulos otorgados por meritorios trabajos de investigaci\u00f3n y creaci\u00f3n mientras cursen sus estudios y por presentar las mejores tesis de su promoci\u00f3n, las cuales se premiar\u00e1n con becas de perfeccionamiento en el pa\u00eds o en el extranjero.<\/li>\n\n<li>Ejercer el derecho a petici\u00f3n y queja, derecho a la defensa y al debido proceso, as\u00ed mismo el derecho de recusar a miembros de jurados, cuando existan razones evidentes, seg\u00fan reglamento establecido.<\/li>\n\n<li>Gozar y acceder gratuitamente a los servicios de bienestar universitario de calidad: asistencia m\u00e9dica, comedor, transporte, vivienda, guarder\u00eda infantil, instalaciones deportivas, asistencia social, servicios psicopedag\u00f3gicos, becas completas y parciales, a la tutela por la Defensor\u00eda Universitaria y otros que se implementen. La universidad organizar\u00e1 el seguro integral estudiantil y servicios de farmacia.<\/li>\n\n<li>Recibir los beneficios de las subvenciones que la universidad otorga para participar y organizar actividades culturales y deportivas, tales como concursos acad\u00e9micos y art\u00edsticos, juegos florales, olimpiadas y otros que se organicen a nivel nacional e internacional.<\/li>\n\n<li>Reactualizar su matr\u00edcula si ha dejado de matricularse por razones justificadas.<\/li>\n\n<li>Rectificaci\u00f3n de matr\u00edcula de manera gratuita.<\/li><\/ul><h3 class=\"wp-block-heading has-black-color has-text-color has-link-color wp-elements-0bb2f298f4eac31c174a2ada8d3cf16a\"><strong>Deberes de los Estudiantes<\/strong><\/h3><p class=\"has-black-color has-text-color has-link-color wp-elements-76696f95c0089ca0374e2cc8a599585d\">Son deberes de los estudiantes de pregrado de la&nbsp;<strong>Universidad Nacional Aut\u00f3noma de Huanta<\/strong>:<\/p><ul class=\"wp-block-list has-black-color has-text-color has-link-color wp-elements-a511a2bfc23ccebb54718f99872c6827\"><li>Respetar y cumplir con la Constituci\u00f3n Pol\u00edtica del Per\u00fa, la Ley Universitaria, el Estatuto y las normas internas de la universidad.<\/li>\n\n<li>Asumir su rol en la sociedad sirviendo a los intereses universitarios, populares y nacionales a trav\u00e9s del estudio, la investigaci\u00f3n, extensi\u00f3n universitaria, proyecci\u00f3n y responsabilidad social.<\/li>\n\n<li>Cumplir con todas las actividades y tareas acad\u00e9micas de su formaci\u00f3n profesional, de investigaci\u00f3n y de proyecci\u00f3n social se\u00f1aladas en el plan curricular de su carrera.<\/li>\n\n<li>Asumir una actitud cr\u00edtica frente a los problemas de la sociedad, as\u00ed como contribuir al desarrollo del bienestar social.<\/li>\n\n<li>Defender los derechos de los miembros de la comunidad universitaria y respetar el principio de autoridad.<\/li>\n\n<li>Defender la autonom\u00eda universitaria y la inviolabilidad de las instalaciones universitarias.<\/li>\n\n<li>Respetar la democracia, practicar la tolerancia, cuidar los bienes de la instituci\u00f3n y rechazar todo tipo de violencia que atente contra los derechos personales y colectivos de los miembros de la comunidad universitaria.<\/li>\n\n<li>Matricularse en un n\u00famero m\u00ednimo de doce (12) cr\u00e9ditos por semestre para conservar su condici\u00f3n de estudiante regular, salvo que le falten menos para culminar la carrera.<\/li>\n\n<li>Participar en forma obligatoria en los procesos electorales de representantes para los diferentes \u00f3rganos de gobierno de la universidad.<\/li>\n\n<li>Contribuir a fortalecer el prestigio de la universidad y a la realizaci\u00f3n de sus fines.<\/li>\n\n<li>Culminar prioritariamente, en el plazo debido, los estudios de la carrera a la cual han ingresado a la universidad.<\/li>\n\n<li>Usar las instalaciones de su centro de estudios exclusivamente para los fines universitarios.<\/li>\n\n<li>Estudiar y aprobar los cursos en que se matriculan.<\/li><\/ul>","protected":false},"excerpt":{"rendered":"<p>Derechos de los Estudiantes Son derechos de los estudiantes de la&nbsp;Universidad Nacional Aut\u00f3noma de Huanta: Deberes de los Estudiantes Son deberes de los estudiantes de pregrado de la&nbsp;Universidad Nacional Aut\u00f3noma&#8230;<\/p>\n","protected":false},"author":1,"featured_media":0,"parent":0,"menu_order":0,"comment_status":"closed","ping_status":"closed","template":"","meta":{"footnotes":""},"class_list":["post-16638","page","type-page","status-publish","hentry"],"_links":{"self":[{"href":"https:\/\/vpacademica.unah.edu.pe\/index.php?rest_route=\/wp\/v2\/pages\/16638","targetHints":{"allow":["GET"]}}],"collection":[{"href":"https:\/\/vpacademica.unah.edu.pe\/index.php?rest_route=\/wp\/v2\/pages"}],"about":[{"href":"https:\/\/vpacademica.unah.edu.pe\/index.php?rest_route=\/wp\/v2\/types\/page"}],"author":[{"embeddable":true,"href":"https:\/\/vpacademica.unah.edu.pe\/index.php?rest_route=\/wp\/v2\/users\/1"}],"replies":[{"embeddable":true,"href":"https:\/\/vpacademica.unah.edu.pe\/index.php?rest_route=%2Fwp%2Fv2%2Fcomments&post=16638"}],"version-history":[{"count":2,"href":"https:\/\/vpacademica.unah.edu.pe\/index.php?rest_route=\/wp\/v2\/pages\/16638\/revisions"}],"predecessor-version":[{"id":16769,"href":"https:\/\/vpacademica.unah.edu.pe\/index.php?rest_route=\/wp\/v2\/pages\/16638\/revisions\/16769"}],"wp:attachment":[{"href":"https:\/\/vpacademica.unah.edu.pe\/index.php?rest_route=%2Fwp%2Fv2%2Fmedia&parent=16638"}],"curies":[{"name":"wp","href":"https:\/\/api.w.org\/{rel}","templated":true}]}}